{"id":2374,"date":"2025-05-05T09:32:40","date_gmt":"2025-05-05T09:32:40","guid":{"rendered":"https:\/\/mitomets.com\/?page_id=2374"},"modified":"2025-05-08T15:10:06","modified_gmt":"2025-05-08T15:10:06","slug":"inicio-2","status":"publish","type":"page","link":"https:\/\/mitomets.com\/index.php\/inicio-2\/","title":{"rendered":"Inicio 2"},"content":{"rendered":"\n<div style=\"height:6px\" aria-hidden=\"true\" class=\"wp-block-spacer\"><\/div>\n\n\n\n<div class=\"wp-block-cover alignfull\"><span aria-hidden=\"true\" class=\"wp-block-cover__background has-background-dim\" style=\"background-color:#ffffff;opacity:0.90\"><div id=\"metaslider-id-999\" style=\"width: 100%;\" class=\"ml-slider-3-108-0 metaslider metaslider-flex metaslider-999 ml-slider hide-arrows-smartphone hide-navigation-smartphone has-dots-nav has-carousel-mode ms-theme-outline\" role=\"region\" aria-label=\"Nueva presentaci\u00f3n de diapositivas\" data-height=\"600\" data-width=\"2000\">\n    <div id=\"metaslider_container_999\">\n        <div id=\"metaslider_999\">\n            <ul class='slides'>\n                <li style=\"display: none; width: 100%;\" class=\"slide-3422 ms-image \" aria-roledescription=\"slide\" data-date=\"2026-03-25 09:37:25\" data-filename=\"I-Internationla-Symposium-CDM.jpg\" data-slide-type=\"image\"><a href=\"https:\/\/mitomets.com\/index.php\/home-symposium-cmd\/\" target=\"_self\" aria-label=\"I International Symposium CDM\" class=\"metaslider_image_link\"><img loading=\"lazy\" decoding=\"async\" src=\"https:\/\/mitomets.com\/wp-content\/uploads\/2026\/03\/I-Internationla-Symposium-CDM.jpg\" height=\"600\" width=\"2000\" alt=\"\" class=\"slider-999 slide-3422 msDefaultImage\" title=\"I International Symposium CDM\" \/><\/a><\/li>\n                <li style=\"display: none; width: 100%;\" class=\"slide-2751 ms-image \" aria-roledescription=\"slide\" data-date=\"2025-05-12 11:43:55\" data-filename=\"01-Spot-2000x600-size.jpg\" data-slide-type=\"image\"><img loading=\"lazy\" decoding=\"async\" src=\"https:\/\/mitomets.com\/wp-content\/uploads\/2025\/05\/01-Spot-2000x600-size.jpg\" height=\"600\" width=\"2000\" alt=\"\" class=\"slider-999 slide-2751 msDefaultImage\" title=\"01 Spot 2000x600 size\" \/><\/li>\n                <li style=\"display: none; width: 100%;\" class=\"slide-2219 ms-image \" aria-roledescription=\"slide\" data-date=\"2025-03-12 12:17:36\" data-filename=\"Spot-laboratorio-2000x600-ret.jpg\" data-slide-type=\"image\"><img loading=\"lazy\" decoding=\"async\" src=\"https:\/\/mitomets.com\/wp-content\/uploads\/2025\/03\/Spot-laboratorio-2000x600-ret.jpg\" height=\"600\" width=\"2000\" alt=\"\" class=\"slider-999 slide-2219 msDefaultImage\" title=\"Spot laboratorio 2000x600 ret\" \/><\/li>\n                <li style=\"display: none; width: 100%;\" class=\"slide-1011 ms-image \" aria-roledescription=\"slide\" data-date=\"2025-02-27 17:06:09\" data-filename=\"03-Spot-2000x600-1.jpg\" data-slide-type=\"image\"><img loading=\"lazy\" decoding=\"async\" src=\"https:\/\/mitomets.com\/wp-content\/uploads\/2025\/03\/03-Spot-2000x600-1.jpg\" height=\"600\" width=\"2000\" alt=\"\" class=\"slider-999 slide-1011 msDefaultImage\" title=\"03 Spot 2000x600\" \/><\/li>\n                <li style=\"display: none; width: 100%;\" class=\"slide-2221 ms-image \" aria-roledescription=\"slide\" data-date=\"2025-03-12 12:18:09\" data-filename=\"Spot-difuminado-2000x600-1.jpg\" data-slide-type=\"image\"><img loading=\"lazy\" decoding=\"async\" src=\"https:\/\/mitomets.com\/wp-content\/uploads\/2025\/03\/Spot-difuminado-2000x600-1.jpg\" height=\"600\" width=\"2000\" alt=\"\" class=\"slider-999 slide-2221 msDefaultImage\" title=\"Spot difuminado 2000x600\" \/><\/li>\n            <\/ul>\n        <\/div>\n        \n    <\/div>\n<\/div><div class=\"bg-image-wrapper\">\n<\/div><\/div><div class=\"inner-holder\"><\/div><\/div>\n\n\n\n<div style=\"height:100px\" aria-hidden=\"true\" class=\"wp-block-spacer\"><\/div>\n\n\n\n<div class=\"wp-block-uagb-container uagb-block-8792fb59 alignfull uagb-is-root-container\"><div class=\"uagb-container-inner-blocks-wrap\">\n<div class=\"wp-block-uagb-container uagb-block-9c3d8a72\">\n<p class=\"has-text-color has-link-color has-medium-font-size wp-elements-52b1248931c42a5796908a95e727e1b4\" style=\"color:#4f7cac\">Grupo interdisciplinario de la Universidad de Valencia y FISABIO-Hospital Dr. Peset, l\u00edder en proyectos nacionales e internacionales, impulsa el conocimiento sobre la funci\u00f3n mitocondrial, salud cardiometab\u00f3lica y nutrici\u00f3n. Nuestro enfoque traslacional y experiencia cient\u00edfica consolidan un modelo innovador para abordar desaf\u00edos biom\u00e9dicos, marcando un hito en investigaci\u00f3n avanzada y colaboraci\u00f3n institucional.<\/p>\n\n\n\n<div style=\"height:8px\" aria-hidden=\"true\" class=\"wp-block-spacer\"><\/div>\n\n\n\n<figure class=\"wp-block-gallery has-nested-images columns-default is-cropped wp-block-gallery-1 is-layout-flex wp-block-gallery-is-layout-flex\">\n<figure class=\"wp-block-image size-full\"><img loading=\"lazy\" decoding=\"async\" width=\"1866\" height=\"1866\" data-id=\"1082\" src=\"https:\/\/mitomets.com\/wp-content\/uploads\/2025\/02\/Ret-01-cu.jpg\" alt=\"\" class=\"wp-image-1082\" srcset=\"https:\/\/mitomets.com\/wp-content\/uploads\/2025\/02\/Ret-01-cu.jpg 1866w, https:\/\/mitomets.com\/wp-content\/uploads\/2025\/02\/Ret-01-cu-300x300.jpg 300w, https:\/\/mitomets.com\/wp-content\/uploads\/2025\/02\/Ret-01-cu-1024x1024.jpg 1024w, https:\/\/mitomets.com\/wp-content\/uploads\/2025\/02\/Ret-01-cu-150x150.jpg 150w, https:\/\/mitomets.com\/wp-content\/uploads\/2025\/02\/Ret-01-cu-768x768.jpg 768w, https:\/\/mitomets.com\/wp-content\/uploads\/2025\/02\/Ret-01-cu-1536x1536.jpg 1536w\" sizes=\"auto, (max-width: 1866px) 100vw, 1866px\" \/><\/figure>\n\n\n\n<figure class=\"wp-block-image size-full\"><img loading=\"lazy\" decoding=\"async\" width=\"2560\" height=\"2560\" data-id=\"1083\" src=\"https:\/\/mitomets.com\/wp-content\/uploads\/2025\/02\/Ret-02-cu-scaled.jpg\" alt=\"\" class=\"wp-image-1083\" srcset=\"https:\/\/mitomets.com\/wp-content\/uploads\/2025\/02\/Ret-02-cu-scaled.jpg 2560w, https:\/\/mitomets.com\/wp-content\/uploads\/2025\/02\/Ret-02-cu-300x300.jpg 300w, https:\/\/mitomets.com\/wp-content\/uploads\/2025\/02\/Ret-02-cu-1024x1024.jpg 1024w, https:\/\/mitomets.com\/wp-content\/uploads\/2025\/02\/Ret-02-cu-150x150.jpg 150w, https:\/\/mitomets.com\/wp-content\/uploads\/2025\/02\/Ret-02-cu-768x768.jpg 768w, https:\/\/mitomets.com\/wp-content\/uploads\/2025\/02\/Ret-02-cu-1536x1536.jpg 1536w, https:\/\/mitomets.com\/wp-content\/uploads\/2025\/02\/Ret-02-cu-2048x2048.jpg 2048w\" sizes=\"auto, (max-width: 2560px) 100vw, 2560px\" \/><\/figure>\n<\/figure>\n\n\n\n<div style=\"height:8px\" aria-hidden=\"true\" class=\"wp-block-spacer\"><\/div>\n\n\n\n<h2 class=\"wp-block-heading has-text-color has-link-color wp-elements-d29185e972f65ce32a890e72fcd851cb\" style=\"color:#4f7cac\">Nuevas perspectivas en el estudio de la fisiopatolog\u00eda de las enfermedades cardiomatab\u00f3licas<\/h2>\n\n\n\n<hr class=\"wp-block-separator has-css-opacity is-style-default\"\/>\n\n\n\n<p class=\"has-text-color has-link-color wp-elements-360817a71d402ba7ed33ff997269f5ca\" style=\"color:#7f7f7f\">La disfunci\u00f3n mitocondrial emerge como un factor clave en la g\u00e9nesis de enfermedades cr\u00f3nicas de alto impacto en salud p\u00fablica. En la obesidad, la diabetes tipo 1 y tipo 2, la enfermedad periodontal y el s\u00edndrome de ovario poliqu\u00edstico, esta disfunci\u00f3n se relaciona con estr\u00e9s oxidativo, inflamaci\u00f3n cr\u00f3nica de bajo grado y un mayor riesgo cardiovascular.<\/p>\n\n\n\n<p class=\"has-text-color has-link-color wp-elements-06548bfbc9b1c6510dac8863fd2e95b6\" style=\"color:#7f7f7f\"><strong>En el proyecto PROMETEO<\/strong>, exploramos c\u00f3mo la alteraci\u00f3n en la funci\u00f3n mitocondrial y el estr\u00e9s de ret\u00edculo endopl\u00e1smico, se interconectan en estas patolog\u00edas. Adem\u00e1s, investigamos la influencia de los haplogrupos mitocondriales y las interacciones leucocito-endotelio en la resistencia a la insulina y sus complicaciones.<\/p>\n\n\n\n<p class=\"has-text-color has-link-color wp-elements-da2b2a734e0b6f6e692296837bbf3bb1\" style=\"color:#7f7f7f\"><strong>Nuestro objetivo principal<\/strong> es comprender el impacto de estos procesos en la salud metab\u00f3lica y complicaciones vasculares para validar y dirigir terapias innovadoras multidisciplinarias dirigidas al correcto funcionamiento mitocondrial ofreciendo nuevas soluciones para abordar estas enfermedades de manera efectiva.<\/p>\n\n\n\n<p class=\"has-text-color has-link-color wp-elements-ba752fb96432f00a65ce45b37767c8ba\" style=\"color:#7f7f7f\"><strong>Traslacionalidad<\/strong><br>Con un equipo multidisciplinar y colaboraciones internacionales, estudiamos el origen y consecuencia de patolog\u00edas enfermedades cr\u00f3nicas no trasmisibles&nbsp; buscando la&nbsp; innovaci\u00f3n y trasferencia del conocimiento al \u00e1rea cl\u00ednica y poblacional.<\/p>\n\n\n\n<p class=\"has-text-color has-link-color wp-elements-ca6d01a037522db8733f4514f7e82c0c\" style=\"color:#7f7f7f\"><strong>L\u00edneas de investigaci\u00f3n<\/strong><\/p>\n\n\n\n<ul class=\"wp-block-list\">\n<li class=\"has-text-color has-link-color wp-elements-da5a480348be30dab5d699bcc93d78b6\" style=\"color:#7f7f7f\">Fisiolog\u00eda y fisiopatolog\u00eda en la diabetes tipo 2 y la obesidad.<\/li>\n\n\n\n<li class=\"has-text-color has-link-color wp-elements-23611b8965ca09d8bb96e7cf23cab1e1\" style=\"color:#7f7f7f\">Estudio de la funci\u00f3n mitocondrial, alteraciones celulares, moleculares y endoteliales, y su relaci\u00f3n con enfermedades metab\u00f3licas, cardiovasculares y la regulaci\u00f3n del ritmo circadiano.<\/li>\n\n\n\n<li class=\"has-text-color has-link-color wp-elements-31745b68643664cf24781f8913245b6c\" style=\"color:#7f7f7f\">Efecto del ejercicio f\u00edsico sobre la funci\u00f3n mitocondrial y su papel en la prevenci\u00f3n y tratamiento de enfermedades cardiometab\u00f3licas.<\/li>\n\n\n\n<li class=\"has-text-color has-link-color wp-elements-1e5ac9725e6724883d8e6e1f6425c4fd\" style=\"color:#7f7f7f\">Microbiota intestinal y su impacto en el metabolismo y la salud mental.<\/li>\n\n\n\n<li class=\"has-text-color has-link-color wp-elements-4f9729e6e71268171ebfadfe84e96f99\" style=\"color:#7f7f7f\">Estudio de las&nbsp; enfermedades cardiometab\u00f3licas, y sus efectos en la salud bucodental.<\/li>\n\n\n\n<li class=\"has-text-color has-link-color wp-elements-7dfb04a020c0178bfc10d72dfa0ab253\" style=\"color:#7f7f7f\">Impacto de terapias nutricionales, compuestos antioxidantes, nanopart\u00edculas y alimentos funcionales en la salud cardiometab\u00f3lica.<\/li>\n\n\n\n<li class=\"has-text-color has-link-color wp-elements-523ab57483e7c8b00832fb37c0e63b51\" style=\"color:#7f7f7f\">Factores psicol\u00f3gicos en el control gluc\u00e9mico en diabetes tipo 1 y tipo 2.<\/li>\n\n\n\n<li class=\"has-text-color has-link-color wp-elements-7b487862a503ae0a20a4726d53e4e5f7\" style=\"color:#7f7f7f\">Inflamaci\u00f3n asociada a la terapia hormonal de afirmaci\u00f3n de g\u00e9nero y su influencia en marcadores de aterosclerosis.<\/li>\n<\/ul>\n<\/div>\n\n\n\n<div class=\"wp-block-uagb-container uagb-layout-flex uagb-block-9b106c18\">\n<div class=\"wp-block-group\"><div class=\"wp-block-group__inner-container is-layout-constrained wp-block-group-is-layout-constrained\">\n<div class=\"wp-block-uagb-separator uagb-block-0191bd54\"><div class=\"wp-block-uagb-separator__inner\" style=\"--my-background-image:\"><\/div><\/div>\n\n\n\n<div style=\"height:25px\" aria-hidden=\"true\" class=\"wp-block-spacer\"><\/div>\n\n\n\n<p><strong>CIPROM\/2022\/32 Proyecto financiado por subvenciones para<\/strong>&nbsp;<strong>la realizaci\u00f3n de proyectos I+D+i para grupos de investigaci\u00f3n de excelencia (PROMETEO 2023)<\/strong><\/p>\n\n\n\n<div class=\"wp-block-uagb-separator uagb-block-e83773ec\"><div class=\"wp-block-uagb-separator__inner\" style=\"--my-background-image:\"><\/div><\/div>\n<\/div><\/div>\n\n\n\n<div class=\"wp-block-uagb-image uagb-block-e0a1f1a5 wp-block-uagb-image--layout-default wp-block-uagb-image--effect-zoomin wp-block-uagb-image--align-none\"><figure class=\"wp-block-uagb-image__figure\"><img decoding=\"async\" srcset=\"https:\/\/mitomets.com\/wp-content\/uploads\/2025\/03\/conselleria-innovacion-industria-comercio-turismo-rs-aire-3.png ,https:\/\/mitomets.com\/wp-content\/uploads\/2025\/03\/conselleria-innovacion-industria-comercio-turismo-rs-aire-3.png 780w, https:\/\/mitomets.com\/wp-content\/uploads\/2025\/03\/conselleria-innovacion-industria-comercio-turismo-rs-aire-3.png 360w\" sizes=\"auto, (max-width: 480px) 150px\" src=\"https:\/\/mitomets.com\/wp-content\/uploads\/2025\/03\/conselleria-innovacion-industria-comercio-turismo-rs-aire-3.png\" alt=\"\" class=\"uag-image-2091\" width=\"334\" height=\"193\" title=\"conselleria-innovacion-industria-comercio-turismo-rs-aire-3\" loading=\"lazy\" role=\"img\"\/><\/figure><\/div>\n\n\n\n<div style=\"height:8px\" aria-hidden=\"true\" class=\"wp-block-spacer\"><\/div>\n\n\n\n<h3 class=\"wp-block-heading has-text-color has-link-color wp-elements-91538e01c2bbe31c8a396b10a51650fa\" style=\"color:#4f7cac\">Grupos de investigaci\u00f3n<\/h3>\n\n\n\n<div class=\"wp-block-group\"><div class=\"wp-block-group__inner-container is-layout-constrained wp-block-group-is-layout-constrained\">\n<p class=\"has-text-color has-link-color wp-elements-4d726689835ef854be70d205c160318b\" style=\"color:#7f7f7f\"><a href=\"https:\/\/mitomets.com\/index.php\/diamet\/\">DIAMET \u2013 Funci\u00f3n Mitocondrial&nbsp; en la&nbsp; Diabetes y Enfermedades cardiometab\u00f3licas<\/a><\/p>\n\n\n\n<p class=\"has-text-color has-link-color wp-elements-51dec72a8d82988dae2f6db7e91e81cd\" style=\"color:#7f7f7f\"><a href=\"https:\/\/mitomets.com\/index.php\/periomet\/\">PERIOMET \u2013 Cardiolog\u00edas cardiometab\u00f3licas y salud bucodental<\/a><\/p>\n\n\n\n<p class=\"has-text-color has-link-color wp-elements-acdf5cd47a4c913bfb706df2a2bfee81\" style=\"color:#7f7f7f\"><a href=\"https:\/\/mitomets.com\/index.php\/nutrimet\/\">NUTRIMET \u2013 Nutrici\u00f3n y metabolismo<\/a><\/p>\n<\/div><\/div>\n\n\n\n<div style=\"height:1075px\" aria-hidden=\"true\" class=\"wp-block-spacer\"><\/div>\n<\/div>\n<\/div><\/div>\n","protected":false},"excerpt":{"rendered":"<p>Grupo interdisciplinario de la Universidad de Valencia y FISABIO-Hospital Dr. Peset, l\u00edder en proyectos nacionales e internacionales, impulsa el conocimiento sobre la funci\u00f3n mitocondrial, salud cardiometab\u00f3lica y nutrici\u00f3n. Nuestro enfoque traslacional y experiencia cient\u00edfica consolidan un modelo innovador para abordar desaf\u00edos biom\u00e9dicos, marcando un hito en investigaci\u00f3n avanzada y colaboraci\u00f3n institucional. Nuevas perspectivas en el [&hellip;]<\/p>\n","protected":false},"author":1,"featured_media":0,"parent":0,"menu_order":0,"comment_status":"closed","ping_status":"closed","template":"","meta":{"_uag_custom_page_level_css":"","_citadela_hide_page_title":"1","_citadela_remove_header_space":"1","footnotes":""},"class_list":["post-2374","page","type-page","status-publish","hentry"],"uagb_featured_image_src":{"full":false,"thumbnail":false,"medium":false,"medium_large":false,"large":false,"1536x1536":false,"2048x2048":false,"citadela_item_thumbnail":false},"uagb_author_info":{"display_name":"admin","author_link":"https:\/\/mitomets.com\/index.php\/author\/admin\/"},"uagb_comment_info":0,"uagb_excerpt":"Grupo interdisciplinario de la Universidad de Valencia y FISABIO-Hospital Dr. Peset, l\u00edder en proyectos nacionales e internacionales, impulsa el conocimiento sobre la funci\u00f3n mitocondrial, salud cardiometab\u00f3lica y nutrici\u00f3n. Nuestro enfoque traslacional y experiencia cient\u00edfica consolidan un modelo innovador para abordar desaf\u00edos biom\u00e9dicos, marcando un hito en investigaci\u00f3n avanzada y colaboraci\u00f3n institucional. Nuevas perspectivas en el&hellip;","_links":{"self":[{"href":"https:\/\/mitomets.com\/index.php\/wp-json\/wp\/v2\/pages\/2374","targetHints":{"allow":["GET"]}}],"collection":[{"href":"https:\/\/mitomets.com\/index.php\/wp-json\/wp\/v2\/pages"}],"about":[{"href":"https:\/\/mitomets.com\/index.php\/wp-json\/wp\/v2\/types\/page"}],"author":[{"embeddable":true,"href":"https:\/\/mitomets.com\/index.php\/wp-json\/wp\/v2\/users\/1"}],"replies":[{"embeddable":true,"href":"https:\/\/mitomets.com\/index.php\/wp-json\/wp\/v2\/comments?post=2374"}],"version-history":[{"count":109,"href":"https:\/\/mitomets.com\/index.php\/wp-json\/wp\/v2\/pages\/2374\/revisions"}],"predecessor-version":[{"id":2674,"href":"https:\/\/mitomets.com\/index.php\/wp-json\/wp\/v2\/pages\/2374\/revisions\/2674"}],"wp:attachment":[{"href":"https:\/\/mitomets.com\/index.php\/wp-json\/wp\/v2\/media?parent=2374"}],"curies":[{"name":"wp","href":"https:\/\/api.w.org\/{rel}","templated":true}]}}