{"id":1912,"date":"2025-03-06T16:39:29","date_gmt":"2025-03-06T16:39:29","guid":{"rendered":"https:\/\/mitomets.com\/?page_id=1912"},"modified":"2025-05-12T11:52:44","modified_gmt":"2025-05-12T11:52:44","slug":"servicios-2","status":"publish","type":"page","link":"https:\/\/mitomets.com\/index.php\/servicios-2\/","title":{"rendered":"Servicios"},"content":{"rendered":"\n<div style=\"height:6px\" aria-hidden=\"true\" class=\"wp-block-spacer\"><\/div>\n\n\n\n<div class=\"wp-block-cover alignfull\"><div id=\"metaslider-id-1921\" style=\"width: 100%;\" class=\"ml-slider-3-109-0 metaslider metaslider-flex metaslider-1921 ml-slider ms-theme-default-base nav-hidden\" role=\"region\" aria-label=\"Nueva presentaci\u00f3n de diapositivas\" data-height=\"600\" data-width=\"2000\">\n    <div id=\"metaslider_container_1921\">\n        <div id=\"metaslider_1921\">\n            <ul class='slides'>\n                <li style=\"display: block; width: 100%;\" class=\"slide-1923 ms-image \" aria-roledescription=\"slide\" data-date=\"2025-03-06 17:58:19\" data-filename=\"Spot-Luminex-2.jpg\" data-slide-type=\"image\"><img loading=\"lazy\" decoding=\"async\" src=\"https:\/\/mitomets.com\/wp-content\/uploads\/2025\/03\/Spot-Luminex-2.jpg\" height=\"600\" width=\"2000\" alt=\"\" class=\"slider-1921 slide-1923 msDefaultImage\" title=\"Spot Luminex 2\" \/><\/li>\n            <\/ul>\n        <\/div>\n        \n    <\/div>\n<\/div><div class=\"bg-image-wrapper\">\n\n<\/div><\/div><div class=\"inner-holder\"><\/div><\/div>\n\n\n\n\n<div style=\"height:100px\" aria-hidden=\"true\" class=\"wp-block-spacer\"><\/div>\n\n\n\n<h2 class=\"wp-block-heading has-text-color has-link-color wp-elements-28a70b6f4eb03f31e33b2be4d4f0e008\" style=\"color:#4f7cac\">Unidad de An\u00e1lisis Multiplex &#8211; Hospital Universitario Doctor Peset &#8211; Fundaci\u00f3n Fisabio<\/h2>\n\n\n\n<hr class=\"wp-block-separator has-alpha-channel-opacity is-style-wide\"\/>\n\n\n\n<h3 class=\"wp-block-heading\">Inmunoensayos basados en la tecnolog\u00eda xMAP Luminex TM<\/h3>\n\n\n\n<h3 class=\"wp-block-heading\">Cuantificaci\u00f3n r\u00e1pida y precisa de biomarcadores<\/h3>\n\n\n\n<div style=\"height:50px\" aria-hidden=\"true\" class=\"wp-block-spacer\"><\/div>\n\n\n\n<ul class=\"wp-block-list\">\n<li><strong>Detecci\u00f3n\/cuantificaci\u00f3n de prote\u00ednas secretadas<\/strong><\/li>\n<\/ul>\n\n\n\n<p>Citoquinas, quimioquinas, factores de crecimiento, hormonas, mol\u00e9culas de adhesi\u00f3n, etc.<\/p>\n\n\n\n<ul class=\"wp-block-list\">\n<li><strong>Alta densidad<\/strong><\/li>\n<\/ul>\n\n\n\n<p>Hasta pg\/ ml. Volumen m\u00ednimo de muestra 25 \u03bcl. Apto para muestras humanas y otras especies (murinos, felinos, c\u00e1nidos, bovinos, ovinos, porcinos, etc).<\/p>\n\n\n\n<ul class=\"wp-block-list\">\n<li><strong>Ensayos multiplexados<\/strong><\/li>\n<\/ul>\n\n\n\n<p>Hasta 48 analitos por medida, hasta 96 medidas por an\u00e1lisis.<\/p>\n\n\n\n<ul class=\"wp-block-list\">\n<li><strong>Paneles espec\u00edficos<\/strong><\/li>\n<\/ul>\n\n\n\n<p>C\u00e1ncer, inmunolog\u00eda, toxicidad, neurolog\u00eda, metabolismo, enfermedad cardiovascular, etc. <\/p>\n\n\n\n<div style=\"height:80px\" aria-hidden=\"true\" class=\"wp-block-spacer\"><\/div>\n\n\n\n<div class=\"wp-block-columns has-background is-layout-flex wp-container-core-columns-is-layout-9d6595d7 wp-block-columns-is-layout-flex\" style=\"background-color:#f5f5f5\">\n<div class=\"wp-block-column is-layout-flow wp-block-column-is-layout-flow\">\n<div style=\"height:20px\" aria-hidden=\"true\" class=\"wp-block-spacer\"><\/div>\n\n\n\n<p class=\"has-text-align-center has-text-color has-link-color wp-elements-a66c6d0ec8bc9d315a097c4f46c76f93\" style=\"color:#4f7cac\"><strong>+ info en<\/strong><\/p>\n\n\n\n<p class=\"has-text-align-center has-black-color has-text-color has-background has-link-color wp-elements-98ade2019e2729fc27a57c0d2d12f59d\" style=\"background-color:#abb7c200\"><strong><a href=\"https:\/\/fisabio.san.gva.es\/es\/apoyo-a-la-investigacion\/plataformas-y-servicios-cientifico-tecnicos\/servicios-cientifico-tecnologicos\/tecnologia-xmap-de-luminex\/\" target=\"_blank\" rel=\"noreferrer noopener\">https:\/\/fisabio.san.gva.es\/sluminex\/<\/a><\/strong><\/p>\n\n\n\n<p><\/p>\n<\/div>\n\n\n\n<div class=\"wp-block-column is-layout-flow wp-block-column-is-layout-flow\">\n<div style=\"height:20px\" aria-hidden=\"true\" class=\"wp-block-spacer\"><\/div>\n\n\n\n<div class=\"wp-block-group\"><div class=\"wp-block-group__inner-container is-layout-constrained wp-block-group-is-layout-constrained\">\n<p class=\"has-text-align-center has-text-color has-link-color wp-elements-2f795afbbdab7abe5075bba45b257160\" style=\"color:#4f7cac\"><strong>Milagros Rocha Barajas<\/strong><\/p>\n\n\n\n<p class=\"has-text-align-center\"><a href=\"mailto:milagros.rocha@fisabio.es\" target=\"_blank\" rel=\"noreferrer noopener\"><strong>milagros.rocha@fisabio.es<\/strong><\/a><\/p>\n<\/div><\/div>\n\n\n\n<div class=\"wp-block-group\"><div class=\"wp-block-group__inner-container is-layout-constrained wp-block-group-is-layout-constrained\">\n<p class=\"has-text-align-center has-text-color has-link-color wp-elements-fb3bfdde016a59a1561a34af4906df25\" style=\"color:#4f7cac\"><strong>Celia Ba\u00f1uls Morant<\/strong><\/p>\n\n\n\n<p class=\"has-text-align-center\"><a href=\"mailto:celia.banuls@fisabio.es\" target=\"_blank\" rel=\"noreferrer noopener\"><strong>celia.banuls@fisabio.es<\/strong><\/a><\/p>\n<\/div><\/div>\n<\/div>\n\n\n\n<div class=\"wp-block-column is-layout-flow wp-block-column-is-layout-flow\">\n<div style=\"height:20px\" aria-hidden=\"true\" class=\"wp-block-spacer\"><\/div>\n\n\n\n<p class=\"has-text-align-center has-text-color has-link-color wp-elements-57c58f87bd2e5e58defd841172c177eb\" style=\"color:#4f7cac\"><strong>FISABIO<\/strong><\/p>\n\n\n\n<div class=\"wp-block-uagb-image uagb-block-d5e6c6c4 wp-block-uagb-image--layout-default wp-block-uagb-image--effect-zoomin wp-block-uagb-image--align-none\"><figure class=\"wp-block-uagb-image__figure\"><a class=\"\" href=\"https:\/\/fisabio.san.gva.es\/es\/fisabio\/\" target=\"_blank\" rel=\"noreferrer noopener\"><img decoding=\"async\" srcset=\"https:\/\/mitomets.com\/wp-content\/uploads\/2025\/03\/logo-gva-fisabio-negre-1024x192.png ,https:\/\/mitomets.com\/wp-content\/uploads\/2025\/03\/logo-gva-fisabio-negre.png 780w, https:\/\/mitomets.com\/wp-content\/uploads\/2025\/03\/logo-gva-fisabio-negre.png 360w\" sizes=\"auto, (max-width: 480px) 150px\" src=\"https:\/\/mitomets.com\/wp-content\/uploads\/2025\/03\/logo-gva-fisabio-negre-1024x192.png\" alt=\"\" class=\"uag-image-1936\" width=\"1926\" height=\"362\" title=\"logo-gva-fisabio-negre\" loading=\"lazy\" role=\"img\"\/><\/a><\/figure><\/div>\n<\/div>\n<\/div>\n\n\n\n<div style=\"height:10px\" aria-hidden=\"true\" class=\"wp-block-spacer\"><\/div>\n\n\n\n<p class=\"has-text-color has-link-color has-small-font-size wp-elements-95af621d0dfe6cb726daaf77f15758f9\" style=\"color:#4f7cac\"><a href=\"https:\/\/mitomets.com\/wp-content\/uploads\/2025\/03\/inmunoanalisis-basados-en-la-tecnologia-xmap-de-luminex.pdf\" target=\"_blank\" rel=\"noreferrer noopener\">Descargar cartel<\/a><\/p>\n","protected":false},"excerpt":{"rendered":"<p>Unidad de An\u00e1lisis Multiplex &#8211; Hospital Universitario Doctor Peset &#8211; Fundaci\u00f3n Fisabio Inmunoensayos basados en la tecnolog\u00eda xMAP Luminex TM Cuantificaci\u00f3n r\u00e1pida y precisa de biomarcadores Citoquinas, quimioquinas, factores de crecimiento, hormonas, mol\u00e9culas de adhesi\u00f3n, etc. Hasta pg\/ ml. Volumen m\u00ednimo de muestra 25 \u03bcl. Apto para muestras humanas y otras especies (murinos, felinos, c\u00e1nidos, [&hellip;]<\/p>\n","protected":false},"author":1,"featured_media":0,"parent":0,"menu_order":0,"comment_status":"closed","ping_status":"closed","template":"","meta":{"_uag_custom_page_level_css":"","_citadela_hide_page_title":"1","_citadela_remove_header_space":"1","footnotes":""},"class_list":["post-1912","page","type-page","status-publish","hentry"],"uagb_featured_image_src":{"full":false,"thumbnail":false,"medium":false,"medium_large":false,"large":false,"1536x1536":false,"2048x2048":false,"citadela_item_thumbnail":false},"uagb_author_info":{"display_name":"admin","author_link":"https:\/\/mitomets.com\/index.php\/author\/admin\/"},"uagb_comment_info":0,"uagb_excerpt":"Unidad de An\u00e1lisis Multiplex &#8211; Hospital Universitario Doctor Peset &#8211; Fundaci\u00f3n Fisabio Inmunoensayos basados en la tecnolog\u00eda xMAP Luminex TM Cuantificaci\u00f3n r\u00e1pida y precisa de biomarcadores Citoquinas, quimioquinas, factores de crecimiento, hormonas, mol\u00e9culas de adhesi\u00f3n, etc. Hasta pg\/ ml. Volumen m\u00ednimo de muestra 25 \u03bcl. Apto para muestras humanas y otras especies (murinos, felinos, c\u00e1nidos,&hellip;","_links":{"self":[{"href":"https:\/\/mitomets.com\/index.php\/wp-json\/wp\/v2\/pages\/1912","targetHints":{"allow":["GET"]}}],"collection":[{"href":"https:\/\/mitomets.com\/index.php\/wp-json\/wp\/v2\/pages"}],"about":[{"href":"https:\/\/mitomets.com\/index.php\/wp-json\/wp\/v2\/types\/page"}],"author":[{"embeddable":true,"href":"https:\/\/mitomets.com\/index.php\/wp-json\/wp\/v2\/users\/1"}],"replies":[{"embeddable":true,"href":"https:\/\/mitomets.com\/index.php\/wp-json\/wp\/v2\/comments?post=1912"}],"version-history":[{"count":74,"href":"https:\/\/mitomets.com\/index.php\/wp-json\/wp\/v2\/pages\/1912\/revisions"}],"predecessor-version":[{"id":2760,"href":"https:\/\/mitomets.com\/index.php\/wp-json\/wp\/v2\/pages\/1912\/revisions\/2760"}],"wp:attachment":[{"href":"https:\/\/mitomets.com\/index.php\/wp-json\/wp\/v2\/media?parent=1912"}],"curies":[{"name":"wp","href":"https:\/\/api.w.org\/{rel}","templated":true}]}}