{"id":1393,"date":"2025-02-28T19:19:45","date_gmt":"2025-02-28T19:19:45","guid":{"rendered":"https:\/\/mitomets.com\/?page_id=1393"},"modified":"2025-05-12T11:49:35","modified_gmt":"2025-05-12T11:49:35","slug":"grupo-nutrimet","status":"publish","type":"page","link":"https:\/\/mitomets.com\/index.php\/grupo-nutrimet\/","title":{"rendered":"GRUPO NUTRIMET"},"content":{"rendered":"\n<div style=\"height:6px\" aria-hidden=\"true\" class=\"wp-block-spacer\"><\/div>\n\n\n\n<div class=\"wp-block-cover alignfull\"><div id=\"metaslider-id-2180\" style=\"width: 100%;\" class=\"ml-slider-3-108-0 metaslider metaslider-flex metaslider-2180 ml-slider ms-theme-default-base nav-hidden\" role=\"region\" aria-label=\"Nueva presentaci\u00f3n de diapositivas\" data-height=\"600\" data-width=\"2000\">\n    <div id=\"metaslider_container_2180\">\n        <div id=\"metaslider_2180\">\n            <ul class='slides'>\n                <li style=\"display: block; width: 100%;\" class=\"slide-2182 ms-image \" aria-roledescription=\"slide\" data-date=\"2025-03-11 18:48:33\" data-filename=\"Spot-Nutri-2-2000x600-1.jpg\" data-slide-type=\"image\"><img loading=\"lazy\" decoding=\"async\" src=\"https:\/\/mitomets.com\/wp-content\/uploads\/2025\/03\/Spot-Nutri-2-2000x600-1.jpg\" height=\"600\" width=\"2000\" alt=\"\" class=\"slider-2180 slide-2182 msDefaultImage\" title=\"Spot Nutri 2 2000x600\" \/><\/li>\n            <\/ul>\n        <\/div>\n        \n    <\/div>\n<\/div><div class=\"bg-image-wrapper\">\n\n<\/div><\/div><div class=\"inner-holder\"><\/div><\/div>\n\n\n\n\n<div style=\"height:100px\" aria-hidden=\"true\" class=\"wp-block-spacer\"><\/div>\n\n\n\n<h2 class=\"wp-block-heading has-text-color has-link-color wp-elements-2e9d9babaa1e221fc346ba8e7ff63c2d\" style=\"color:#4f7cac\">Publicaciones &#8211; Grupo NUTRIMET<\/h2>\n\n\n\n<div style=\"height:30px\" aria-hidden=\"true\" class=\"wp-block-spacer\"><\/div>\n\n\n\n<hr class=\"wp-block-separator has-text-color has-cyan-bluish-gray-color has-alpha-channel-opacity has-cyan-bluish-gray-background-color has-background is-style-wide\"\/>\n\n\n\n<div style=\"height:30px\" aria-hidden=\"true\" class=\"wp-block-spacer\"><\/div>\n\n\n\n<ol class=\"wp-block-list\">\n<li>Grau-Del Valle, C., Fern\u00e1ndez, J., Sol\u00e1, E., Montoya-Castilla, I., Morillas, C., &amp; Ba\u00f1uls, C. (2023). Association between gut microbiota and psychiatric disorders: a systematic review.&nbsp;<em>Frontiers in psychology<\/em>,&nbsp;<em>14<\/em>, 1215674. <a href=\"https:\/\/doi.org\/10.3389\/fpsyg.2023.1215674\">https:\/\/doi.org\/10.3389\/fpsyg.2023.1215674<\/a><\/li>\n\n\n\n<li>Bosch-Sierra, N., Grau-Del Valle, C., Salom, C., Zaragoza-Villena, B., Perea-Galera, L., Falc\u00f3n-Tapiador, R., Rovira-Llopis, S., Morillas, C., Monle\u00f3n, D., &amp; Ba\u00f1uls, C. (2024). Effect of a Very Low-Calorie Diet on Oxidative Stress, Inflammatory and Metabolomic Profile in Metabolically Healthy and Unhealthy Obese Subjects.&nbsp;<em>Antioxidants (Basel, Switzerland)<\/em>,&nbsp;<em>13<\/em>(3), 302. <a href=\"https:\/\/doi.org\/10.3390\/antiox13030302\">https:\/\/doi.org\/10.3390\/antiox13030302<\/a><\/li>\n\n\n\n<li>Bosch-Sierra, N., Grau-Del Valle, C., Salom, C., Zaragoza-Villena, B., Perea-Galera, L., Falc\u00f3n-Tapiador, R., Rovira-Llopis, S., Morillas, C., Monle\u00f3n, D., &amp; Ba\u00f1uls, C. (2024). Effect of a Very Low-Calorie Diet on Oxidative Stress, Inflammatory and Metabolomic Profile in Metabolically Healthy and Unhealthy Obese Subjects.&nbsp;<em>Antioxidants (Basel, Switzerland)<\/em>,&nbsp;<em>13<\/em>(3), 302. <a href=\"https:\/\/doi.org\/10.3390\/antiox13030302\">https:\/\/doi.org\/10.3390\/antiox13030302<\/a><\/li>\n\n\n\n<li>Rovira-Llopis, S., D\u00edaz-R\u00faa, R., Grau-Del Valle, C., Iannantuoni, F., Abad-Jimenez, Z., Bosch-Sierra, N., Panadero-Romero, J., Victor, V. M., Rocha, M., Morillas, C., &amp; Ba\u00f1uls, C. (2021). Characterization of Differentially Expressed Circulating miRNAs in Metabolically Healthy versus Unhealthy Obesity.&nbsp;<em>Biomedicines<\/em>,&nbsp;<em>9<\/em>(3), 321. <a href=\"https:\/\/doi.org\/10.3390\/biomedicines9030321\">https:\/\/doi.org\/10.3390\/biomedicines9030321<\/a><\/li>\n\n\n\n<li>Acevedo-Le\u00f3n, D., G\u00f3mez-Abril, S. \u00c1., Sanz-Garc\u00eda, P., Esta\u00f1-Capell, N., Ba\u00f1uls, C., &amp; S\u00e1ez, G. (2023). The role of oxidative stress, tumor and inflammatory markers in colorectal cancer patients: A one-year follow-up study.&nbsp;<em>Redox biology<\/em>,&nbsp;<em>62<\/em>, 102662. <a href=\"https:\/\/doi.org\/10.1016\/j.redox.2023.102662\">https:\/\/doi.org\/10.1016\/j.redox.2023.102662<\/a><\/li>\n\n\n\n<li>Bosch-Sierra, N., Marqu\u00e9s-Cardete, R., Gurrea-Mart\u00ednez, A., Grau-Del Valle, C., Morillas, C., Hern\u00e1ndez-Mijares, A., &amp; Ba\u00f1uls, C. (2019). Effect of Fibre-Enriched Orange Juice on Postprandial Glycaemic Response and Satiety in Healthy Individuals: An Acute, Randomised, Placebo-Controlled, Double-Blind, Crossover Study.&nbsp;<em>Nutrients<\/em>,&nbsp;<em>11<\/em>(12), 3014. <a href=\"https:\/\/doi.org\/10.3390\/nu11123014\">https:\/\/doi.org\/10.3390\/nu11123014<\/a><\/li>\n\n\n\n<li>Grau-Del Valle, C., Marco-Exp\u00f3sito, J. F., Bosch-Sierra, N., Zaragoza-Villena, B., Sol\u00e1, E., Montoya-Castilla, I., Morillas, C., &amp; Ba\u00f1uls, C. (2023). Effect of perceived stress, concern about hypoglycaemia and level of knowledge of management of the disease on glycaemic control in type 1 diabetes mellitus.&nbsp;<em>Journalofclinicalnursing<\/em>,&nbsp;<em>32<\/em>(1-2), 264\u2013272. <a href=\"https:\/\/doi.org\/10.1111\/jocn.16270\">https:\/\/doi.org\/10.1111\/jocn.16270<\/a><\/li>\n\n\n\n<li>Grau-Del Valle, C., Marco-Exp\u00f3sito, J. F., Sol\u00e1, E., Montoya-Castilla, I., Morillas, C., Hern\u00e1ndez-Mijares, A., &amp; Ba\u00f1uls, C. (2022). Psychometric properties of a questionnaire to measure adherence to treatment in patients with type 1 diabetes mellitus.&nbsp;<em>Nursing open<\/em>,&nbsp;<em>9<\/em>(4), 2139\u20132148. <a href=\"https:\/\/doi.org\/10.1002\/nop2.1224\">https:\/\/doi.org\/10.1002\/nop2.1224<\/a><\/li>\n\n\n\n<li>Bosch-Sierra, N., Grau-Del Valle, C., Hermenejildo, J., Hermo-Argibay, A., Salazar, J. D., Garrido, M., Navajas-Porras, B., S\u00e1ez, G., Morillas, C., &amp; Ba\u00f1uls, C. (2024). The Impact of Weight Loss on Inflammation, Oxidative Stress, and Mitochondrial Function in Subjects with Obesity.&nbsp;<em>Antioxidants (Basel, Switzerland)<\/em>,&nbsp;<em>13<\/em>(7), 870. https:\/\/doi.org\/10.3390\/antiox13070870<\/li>\n\n\n\n<li>Ba\u00f1uls, C., de Mara\u00f1\u00f3n, A. M., Castro-Vega, I., L\u00f3pez-Dom\u00e9nech, S., Escribano-L\u00f3pez, I., Salom, C., Veses, S., &amp; Hern\u00e1ndez-Mijares, A. (2019). Role of Endoplasmic Reticulum and Oxidative Stress Parameters in the Pathophysiology of Disease-Related Malnutrition in Leukocytes of an Outpatient Population.&nbsp;<em>Nutrients<\/em>,&nbsp;<em>11<\/em>(8), 1838. <a href=\"https:\/\/doi.org\/10.3390\/nu11081838\">https:\/\/doi.org\/10.3390\/nu11081838<\/a><\/li>\n\n\n\n<li>D\u00edaz-Ruiz, M., Mart\u00ednez-Triguero, M. L., L\u00f3pez-Ruiz, A., Fern\u00e1ndez-de la Cruz, F., Ba\u00f1uls, C., &amp; Hern\u00e1ndez-Mijares, A. (2019). Metabolic disorders and inflammation are associated with familial combined hyperlipemia.&nbsp;<em>Clinica chimica acta; international journal of clinical chemistry<\/em>,&nbsp;<em>490<\/em>, 194\u2013199. <a href=\"https:\/\/doi.org\/10.1016\/j.cca.2018.09.009\">https:\/\/doi.org\/10.1016\/j.cca.2018.09.009<\/a><\/li>\n\n\n\n<li>Ba\u00f1uls, C., Rovira-Llopis, S., Martinez de Mara\u00f1on, A., Veses, S., Jover, A., Gomez, M., Rocha, M., Hernandez-Mijares, A., &amp;Victor, V. M. (2017). Metabolic syndrome enhances endoplasmic reticulum, oxidative stress and leukocyte-endothelium interactions in PCOS.&nbsp;<em>Metabolism: clinical and experimental<\/em>,&nbsp;<em>71<\/em>, 153\u2013162. <a href=\"https:\/\/doi.org\/10.1016\/j.metabol.2017.02.012\">https:\/\/doi.org\/10.1016\/j.metabol.2017.02.012<\/a><\/li>\n\n\n\n<li>Ba\u00f1uls, C., Rovira-Llopis, S., Falc\u00f3n, R., Veses, S., Monz\u00f3, N., V\u00edctor, V. M., Rocha, M., &amp; Hern\u00e1ndez-Mijares, A. (2016). Chronic consumption of an inositol-enriched carob extract improves postprandial glycaemia and insulin sensitivity in healthy subjects: A randomized controlled trial.&nbsp;<em>Clinicalnutrition (Edinburgh, Scotland)<\/em>,&nbsp;<em>35<\/em>(3), 600\u2013607. <a href=\"https:\/\/doi.org\/10.1016\/j.clnu.2015.05.005\">https:\/\/doi.org\/10.1016\/j.clnu.2015.05.005<\/a><\/li>\n\n\n\n<li>Ba\u00f1uls, C., Rovira-Llopis, S., Lopez-Domenech, S., Diaz-Morales, N., Blas-Garcia, A., Veses, S., Morillas, C., Victor, V. M., Rocha, M., &amp;Hernandez-Mijares, A. (2017). Oxidative and endoplasmic reticulum stress is impaired in leukocytes from metabolically unhealthy vs healthy obese individuals.&nbsp;<em>International journalofobesity (2005)<\/em>,&nbsp;<em>41<\/em>(10), 1556\u20131563. <a href=\"https:\/\/doi.org\/10.1038\/ijo.2017.147\">https:\/\/doi.org\/10.1038\/ijo.2017.147<\/a><\/li>\n\n\n\n<li>Ba\u00f1uls, C., Rovira-Llopis, S., L\u00f3pez-Dom\u00e9nech, S., Veses, S., V\u00edctor, V. M., Rocha, M., &amp; Hern\u00e1ndez-Mijares, A. (2016). Effect of consumption of a carob pod inositol-enriched beverage on insulin sensitivity and inflammation in middle-aged prediabetic subjects.&nbsp;<em>Food&amp;function<\/em>,&nbsp;<em>7<\/em>(10), 4379\u20134387. <a href=\"https:\/\/doi.org\/10.1039\/c6fo01021k\">https:\/\/doi.org\/10.1039\/c6fo01021k<\/a><\/li>\n<\/ol>\n","protected":false},"excerpt":{"rendered":"<p>Publicaciones &#8211; Grupo NUTRIMET<\/p>\n","protected":false},"author":1,"featured_media":0,"parent":0,"menu_order":0,"comment_status":"closed","ping_status":"closed","template":"","meta":{"_uag_custom_page_level_css":"","_citadela_hide_page_title":"1","_citadela_remove_header_space":"1","footnotes":""},"class_list":["post-1393","page","type-page","status-publish","hentry"],"uagb_featured_image_src":{"full":false,"thumbnail":false,"medium":false,"medium_large":false,"large":false,"1536x1536":false,"2048x2048":false,"citadela_item_thumbnail":false},"uagb_author_info":{"display_name":"admin","author_link":"https:\/\/mitomets.com\/index.php\/author\/admin\/"},"uagb_comment_info":0,"uagb_excerpt":"Publicaciones &#8211; Grupo NUTRIMET","_links":{"self":[{"href":"https:\/\/mitomets.com\/index.php\/wp-json\/wp\/v2\/pages\/1393","targetHints":{"allow":["GET"]}}],"collection":[{"href":"https:\/\/mitomets.com\/index.php\/wp-json\/wp\/v2\/pages"}],"about":[{"href":"https:\/\/mitomets.com\/index.php\/wp-json\/wp\/v2\/types\/page"}],"author":[{"embeddable":true,"href":"https:\/\/mitomets.com\/index.php\/wp-json\/wp\/v2\/users\/1"}],"replies":[{"embeddable":true,"href":"https:\/\/mitomets.com\/index.php\/wp-json\/wp\/v2\/comments?post=1393"}],"version-history":[{"count":6,"href":"https:\/\/mitomets.com\/index.php\/wp-json\/wp\/v2\/pages\/1393\/revisions"}],"predecessor-version":[{"id":2756,"href":"https:\/\/mitomets.com\/index.php\/wp-json\/wp\/v2\/pages\/1393\/revisions\/2756"}],"wp:attachment":[{"href":"https:\/\/mitomets.com\/index.php\/wp-json\/wp\/v2\/media?parent=1393"}],"curies":[{"name":"wp","href":"https:\/\/api.w.org\/{rel}","templated":true}]}}