{"id":1236,"date":"2025-02-28T16:22:45","date_gmt":"2025-02-28T16:22:45","guid":{"rendered":"https:\/\/mitomets.com\/?page_id=1236"},"modified":"2025-05-12T11:51:28","modified_gmt":"2025-05-12T11:51:28","slug":"nutrimet","status":"publish","type":"page","link":"https:\/\/mitomets.com\/index.php\/nutrimet\/","title":{"rendered":"NUTRIMET"},"content":{"rendered":"\n<div style=\"height:6px\" aria-hidden=\"true\" class=\"wp-block-spacer\"><\/div>\n\n\n\n<div class=\"wp-block-cover alignfull\"><div id=\"metaslider-id-2048\" style=\"width: 100%;\" class=\"ml-slider-3-108-0 metaslider metaslider-flex metaslider-2048 ml-slider ms-theme-default-base nav-hidden\" role=\"region\" aria-label=\"Nueva presentaci\u00f3n de diapositivas\" data-height=\"600\" data-width=\"2000\">\n    <div id=\"metaslider_container_2048\">\n        <div id=\"metaslider_2048\">\n            <ul class='slides'>\n                <li style=\"display: block; width: 100%;\" class=\"slide-2050 ms-image \" aria-roledescription=\"slide\" data-date=\"2025-03-07 17:35:03\" data-filename=\"NUTRIMET-2000x600-1.jpg\" data-slide-type=\"image\"><img loading=\"lazy\" decoding=\"async\" src=\"https:\/\/mitomets.com\/wp-content\/uploads\/2025\/03\/NUTRIMET-2000x600-1.jpg\" height=\"600\" width=\"2000\" alt=\"\" class=\"slider-2048 slide-2050 msDefaultImage\" title=\"NUTRIMET 2000x600\" \/><\/li>\n            <\/ul>\n        <\/div>\n        \n    <\/div>\n<\/div><div class=\"bg-image-wrapper\">\n\n<\/div><\/div><div class=\"inner-holder\"><\/div><\/div>\n\n\n\n\n<div style=\"height:100px\" aria-hidden=\"true\" class=\"wp-block-spacer\"><\/div>\n\n\n\n<h2 class=\"wp-block-heading has-text-color has-link-color wp-elements-5b91783ea339495739ea336e28ad11dd\" style=\"color:#4f7cac\">Grupo NUTRIMET &#8211; Nutrici\u00f3n y metabolismo<\/h2>\n\n\n\n<div style=\"height:60px\" aria-hidden=\"true\" class=\"wp-block-spacer\"><\/div>\n\n\n\n<div class=\"wp-block-columns is-layout-flex wp-container-core-columns-is-layout-9d6595d7 wp-block-columns-is-layout-flex\">\n<div class=\"wp-block-column is-layout-flow wp-block-column-is-layout-flow\" style=\"flex-basis:250px\"><div class=\"wp-block-image\">\n<figure class=\"aligncenter size-full\"><img loading=\"lazy\" decoding=\"async\" width=\"300\" height=\"300\" src=\"https:\/\/mitomets.com\/wp-content\/uploads\/2025\/02\/C-01-Cecilia-Banuls.jpg\" alt=\"\" class=\"wp-image-1197\" srcset=\"https:\/\/mitomets.com\/wp-content\/uploads\/2025\/02\/C-01-Cecilia-Banuls.jpg 300w, https:\/\/mitomets.com\/wp-content\/uploads\/2025\/02\/C-01-Cecilia-Banuls-150x150.jpg 150w\" sizes=\"auto, (max-width: 300px) 100vw, 300px\" \/><\/figure>\n<\/div><\/div>\n\n\n\n<div class=\"wp-block-column is-layout-flow wp-block-column-is-layout-flow\" style=\"flex-basis:750px\">\n<p><strong><strong>Dra. Celia Ba\u00f1uls Morant<\/strong><\/strong><\/p>\n\n\n\n<p>Investigadora senior del Servicio de Endocrinolog\u00eda y Nutrici\u00f3n del Hospital Universitario Doctor Peset\u2013 FISABIO, Valencia.<\/p>\n\n\n\n<hr class=\"wp-block-separator has-alpha-channel-opacity\"\/>\n\n\n\n<div class=\"wp-block-group is-content-justification-center is-nowrap is-layout-flex wp-container-core-group-is-layout-94bc23d7 wp-block-group-is-layout-flex\">\n<figure class=\"wp-block-image size-full is-resized\"><a class=\"\" href=\"https:\/\/mail.google.com\/mail\/u\/0\/?fs=1&amp;tf=cm&amp;source=mailto&amp;to= celia.banuls@fisabio.es\" target=\"_blank\"><img loading=\"lazy\" decoding=\"async\" width=\"35\" height=\"25\" src=\"https:\/\/mitomets.com\/wp-content\/uploads\/2025\/02\/00-Correo-trans-ss.png\" alt=\"\" class=\"wp-image-1168\" style=\"width:35px\"\/><\/a><\/figure>\n\n\n\n<figure class=\"wp-block-image size-full is-resized\"><a href=\"https:\/\/orcid.org\/0000-0001-8077-7642\" target=\"_blank\" rel=\" noreferrer noopener\"><img loading=\"lazy\" decoding=\"async\" width=\"367\" height=\"152\" src=\"https:\/\/mitomets.com\/wp-content\/uploads\/2025\/02\/01-Orcid-trans-s.png\" alt=\"\" class=\"wp-image-1158\" style=\"width:50px\" srcset=\"https:\/\/mitomets.com\/wp-content\/uploads\/2025\/02\/01-Orcid-trans-s.png 367w, https:\/\/mitomets.com\/wp-content\/uploads\/2025\/02\/01-Orcid-trans-s-300x124.png 300w\" sizes=\"auto, (max-width: 367px) 100vw, 367px\" \/><\/a><\/figure>\n\n\n\n<figure class=\"wp-block-image size-full is-resized\"><a href=\"https:\/\/www.researchgate.net\/scientific-contributions\/Celia-Banuls-Morant-2138979009\" target=\"_blank\" rel=\" noreferrer noopener\"><img loading=\"lazy\" decoding=\"async\" width=\"229\" height=\"235\" src=\"https:\/\/mitomets.com\/wp-content\/uploads\/2025\/02\/02-Researh-Gate-trans.png\" alt=\"\" class=\"wp-image-1151\" style=\"width:25px\"\/><\/a><\/figure>\n\n\n\n<figure class=\"wp-block-image size-full is-resized\"><a href=\"https:\/\/www.linkedin.com\/in\/celia-ba%C3%B1uls-morant-1b382b137\/?originalSubdomain=es\" target=\"_blank\" rel=\" noreferrer noopener\"><img loading=\"lazy\" decoding=\"async\" width=\"590\" height=\"750\" src=\"https:\/\/mitomets.com\/wp-content\/uploads\/2025\/02\/03-Linkedin-trans-ss.png\" alt=\"\" class=\"wp-image-1214\" style=\"width:22px\" srcset=\"https:\/\/mitomets.com\/wp-content\/uploads\/2025\/02\/03-Linkedin-trans-ss.png 590w, https:\/\/mitomets.com\/wp-content\/uploads\/2025\/02\/03-Linkedin-trans-ss-236x300.png 236w\" sizes=\"auto, (max-width: 590px) 100vw, 590px\" \/><\/a><\/figure>\n<\/div>\n<\/div>\n<\/div>\n\n\n\n<div style=\"height:50px\" aria-hidden=\"true\" class=\"wp-block-spacer\"><\/div>\n\n\n\n<div class=\"wp-block-columns is-layout-flex wp-container-core-columns-is-layout-9d6595d7 wp-block-columns-is-layout-flex\">\n<div class=\"wp-block-column is-layout-flow wp-block-column-is-layout-flow\" style=\"flex-basis:250px\"><div class=\"wp-block-image\">\n<figure class=\"aligncenter size-full\"><img loading=\"lazy\" decoding=\"async\" width=\"300\" height=\"300\" src=\"https:\/\/mitomets.com\/wp-content\/uploads\/2025\/02\/C-02-Beatriz-Navajas.jpg\" alt=\"\" class=\"wp-image-1198\" srcset=\"https:\/\/mitomets.com\/wp-content\/uploads\/2025\/02\/C-02-Beatriz-Navajas.jpg 300w, https:\/\/mitomets.com\/wp-content\/uploads\/2025\/02\/C-02-Beatriz-Navajas-150x150.jpg 150w\" sizes=\"auto, (max-width: 300px) 100vw, 300px\" \/><\/figure>\n<\/div><\/div>\n\n\n\n<div class=\"wp-block-column is-layout-flow wp-block-column-is-layout-flow\" style=\"flex-basis:750px\">\n<p><strong><strong><strong>Dra. Beatriz Navajas Porras<\/strong><\/strong><\/strong><\/p>\n\n\n\n<p>Investigadora postdoctoral del Servicio de Endocrinolog\u00eda y Nutrici\u00f3n del Hospital Universitario Doctor Peset\u2013FISABIO, Valencia.<\/p>\n\n\n\n<hr class=\"wp-block-separator has-alpha-channel-opacity\"\/>\n\n\n\n<div class=\"wp-block-group is-content-justification-center is-nowrap is-layout-flex wp-container-core-group-is-layout-94bc23d7 wp-block-group-is-layout-flex\">\n<figure class=\"wp-block-image size-full is-resized\"><a class=\"\" href=\"https:\/\/mail.google.com\/mail\/u\/0\/?fs=1&amp;tf=cm&amp;source=mailto&amp;to=beatriz.navajas@fisabio.es\" target=\"_blank\"><img loading=\"lazy\" decoding=\"async\" width=\"35\" height=\"25\" src=\"https:\/\/mitomets.com\/wp-content\/uploads\/2025\/02\/00-Correo-trans-ss.png\" alt=\"\" class=\"wp-image-1168\" style=\"width:35px\"\/><\/a><\/figure>\n\n\n\n<figure class=\"wp-block-image size-full is-resized\"><a href=\"https:\/\/orcid.org\/0000-0001-6211-5434\" target=\"_blank\" rel=\" noreferrer noopener\"><img loading=\"lazy\" decoding=\"async\" width=\"367\" height=\"152\" src=\"https:\/\/mitomets.com\/wp-content\/uploads\/2025\/02\/01-Orcid-trans-s.png\" alt=\"\" class=\"wp-image-1158\" style=\"width:50px\" srcset=\"https:\/\/mitomets.com\/wp-content\/uploads\/2025\/02\/01-Orcid-trans-s.png 367w, https:\/\/mitomets.com\/wp-content\/uploads\/2025\/02\/01-Orcid-trans-s-300x124.png 300w\" sizes=\"auto, (max-width: 367px) 100vw, 367px\" \/><\/a><\/figure>\n\n\n\n<figure class=\"wp-block-image size-full is-resized\"><a href=\"https:\/\/www.researchgate.net\/scientific-contributions\/Beatriz-Navajas-Porras-2186948011\" target=\"_blank\" rel=\" noreferrer noopener\"><img loading=\"lazy\" decoding=\"async\" width=\"229\" height=\"235\" src=\"https:\/\/mitomets.com\/wp-content\/uploads\/2025\/02\/02-Researh-Gate-trans.png\" alt=\"\" class=\"wp-image-1151\" style=\"width:25px\"\/><\/a><\/figure>\n\n\n\n<figure class=\"wp-block-image size-full is-resized\"><a href=\"https:\/\/www.linkedin.com\/in\/beatriz-navajas-porras-b86784219\/?originalSubdomain=es\" target=\"_blank\" rel=\" noreferrer noopener\"><img loading=\"lazy\" decoding=\"async\" width=\"590\" height=\"750\" src=\"https:\/\/mitomets.com\/wp-content\/uploads\/2025\/02\/03-Linkedin-trans-ss.png\" alt=\"\" class=\"wp-image-1214\" style=\"width:22px\" srcset=\"https:\/\/mitomets.com\/wp-content\/uploads\/2025\/02\/03-Linkedin-trans-ss.png 590w, https:\/\/mitomets.com\/wp-content\/uploads\/2025\/02\/03-Linkedin-trans-ss-236x300.png 236w\" sizes=\"auto, (max-width: 590px) 100vw, 590px\" \/><\/a><\/figure>\n<\/div>\n<\/div>\n<\/div>\n\n\n\n<div style=\"height:50px\" aria-hidden=\"true\" class=\"wp-block-spacer\"><\/div>\n\n\n\n<div class=\"wp-block-columns is-layout-flex wp-container-core-columns-is-layout-9d6595d7 wp-block-columns-is-layout-flex\">\n<div class=\"wp-block-column is-layout-flow wp-block-column-is-layout-flow\" style=\"flex-basis:250px\"><div class=\"wp-block-image\">\n<figure class=\"aligncenter size-full\"><img loading=\"lazy\" decoding=\"async\" width=\"300\" height=\"300\" src=\"https:\/\/mitomets.com\/wp-content\/uploads\/2025\/02\/C-03-Carmen-Grau.jpg\" alt=\"\" class=\"wp-image-1199\" srcset=\"https:\/\/mitomets.com\/wp-content\/uploads\/2025\/02\/C-03-Carmen-Grau.jpg 300w, https:\/\/mitomets.com\/wp-content\/uploads\/2025\/02\/C-03-Carmen-Grau-150x150.jpg 150w\" sizes=\"auto, (max-width: 300px) 100vw, 300px\" \/><\/figure>\n<\/div><\/div>\n\n\n\n<div class=\"wp-block-column is-layout-flow wp-block-column-is-layout-flow\" style=\"flex-basis:750px\">\n<p><strong><strong><strong>Carmen Grau del Valle<\/strong><\/strong><\/strong><\/p>\n\n\n\n<p>Investigadora predoctoral del Servicio de Endocrinolog\u00eda y Nutrici\u00f3n del Hospital Universitario Doctor Peset\u2013FISABIO, Valencia.<\/p>\n\n\n\n<hr class=\"wp-block-separator has-alpha-channel-opacity\"\/>\n\n\n\n<div class=\"wp-block-group is-content-justification-center is-nowrap is-layout-flex wp-container-core-group-is-layout-94bc23d7 wp-block-group-is-layout-flex\">\n<figure class=\"wp-block-image size-full is-resized\"><a class=\"\" href=\"https:\/\/mail.google.com\/mail\/u\/0\/?fs=1&amp;tf=cm&amp;source=mailto&amp;to=carmen.grau@fisabio.es\" target=\"_blank\"><img loading=\"lazy\" decoding=\"async\" width=\"35\" height=\"25\" src=\"https:\/\/mitomets.com\/wp-content\/uploads\/2025\/02\/00-Correo-trans-ss.png\" alt=\"\" class=\"wp-image-1168\" style=\"width:35px\"\/><\/a><\/figure>\n\n\n\n<figure class=\"wp-block-image size-full is-resized\"><a href=\"https:\/\/orcid.org\/0000-0002-7728-0018\" target=\"_blank\" rel=\" noreferrer noopener\"><img loading=\"lazy\" decoding=\"async\" width=\"367\" height=\"152\" src=\"https:\/\/mitomets.com\/wp-content\/uploads\/2025\/02\/01-Orcid-trans-s.png\" alt=\"\" class=\"wp-image-1158\" style=\"width:51px;height:auto\" srcset=\"https:\/\/mitomets.com\/wp-content\/uploads\/2025\/02\/01-Orcid-trans-s.png 367w, https:\/\/mitomets.com\/wp-content\/uploads\/2025\/02\/01-Orcid-trans-s-300x124.png 300w\" sizes=\"auto, (max-width: 367px) 100vw, 367px\" \/><\/a><\/figure>\n\n\n\n<figure class=\"wp-block-image size-full is-resized\"><a href=\"https:\/\/www.researchgate.net\/profile\/Carmen-Grau-Del-Valle\" target=\"_blank\" rel=\" noreferrer noopener\"><img loading=\"lazy\" decoding=\"async\" width=\"229\" height=\"235\" src=\"https:\/\/mitomets.com\/wp-content\/uploads\/2025\/02\/02-Researh-Gate-trans.png\" alt=\"\" class=\"wp-image-1151\" style=\"width:25px\"\/><\/a><\/figure>\n<\/div>\n<\/div>\n<\/div>\n\n\n\n<div style=\"height:50px\" aria-hidden=\"true\" class=\"wp-block-spacer\"><\/div>\n\n\n\n<div class=\"wp-block-columns is-layout-flex wp-container-core-columns-is-layout-9d6595d7 wp-block-columns-is-layout-flex\">\n<div class=\"wp-block-column is-layout-flow wp-block-column-is-layout-flow\" style=\"flex-basis:250px\"><div class=\"wp-block-image\">\n<figure class=\"aligncenter size-full\"><img loading=\"lazy\" decoding=\"async\" width=\"300\" height=\"300\" src=\"https:\/\/mitomets.com\/wp-content\/uploads\/2025\/02\/C-04-Neus-Bosch.jpg\" alt=\"\" class=\"wp-image-1200\" srcset=\"https:\/\/mitomets.com\/wp-content\/uploads\/2025\/02\/C-04-Neus-Bosch.jpg 300w, https:\/\/mitomets.com\/wp-content\/uploads\/2025\/02\/C-04-Neus-Bosch-150x150.jpg 150w\" sizes=\"auto, (max-width: 300px) 100vw, 300px\" \/><\/figure>\n<\/div><\/div>\n\n\n\n<div class=\"wp-block-column is-layout-flow wp-block-column-is-layout-flow\" style=\"flex-basis:750px\">\n<p><strong><strong><strong>Neus Bosch Sierra<\/strong><\/strong><\/strong><\/p>\n\n\n\n<p>Investigadora predoctoral del Servicio de Endocrinolog\u00eda y Nutrici\u00f3n del Hospital Universitario Doctor Peset\u2013FISABIO, Valencia.<\/p>\n\n\n\n<hr class=\"wp-block-separator has-alpha-channel-opacity\"\/>\n\n\n\n<div class=\"wp-block-group is-content-justification-center is-nowrap is-layout-flex wp-container-core-group-is-layout-94bc23d7 wp-block-group-is-layout-flex\">\n<figure class=\"wp-block-image size-full is-resized\"><a class=\"\" href=\"https:\/\/mail.google.com\/mail\/u\/0\/?fs=1&amp;tf=cm&amp;source=mailto&amp;to=neus.bosch@fisabio.es\" target=\"_blank\"><img loading=\"lazy\" decoding=\"async\" width=\"35\" height=\"25\" src=\"https:\/\/mitomets.com\/wp-content\/uploads\/2025\/02\/00-Correo-trans-ss.png\" alt=\"\" class=\"wp-image-1168\" style=\"width:35px\"\/><\/a><\/figure>\n\n\n\n<figure class=\"wp-block-image size-full is-resized\"><a href=\"https:\/\/orcid.org\/0000-0002-7582-4085\" target=\"_blank\" rel=\" noreferrer noopener\"><img loading=\"lazy\" decoding=\"async\" width=\"367\" height=\"152\" src=\"https:\/\/mitomets.com\/wp-content\/uploads\/2025\/02\/01-Orcid-trans-s.png\" alt=\"\" class=\"wp-image-1158\" style=\"width:50px\" srcset=\"https:\/\/mitomets.com\/wp-content\/uploads\/2025\/02\/01-Orcid-trans-s.png 367w, https:\/\/mitomets.com\/wp-content\/uploads\/2025\/02\/01-Orcid-trans-s-300x124.png 300w\" sizes=\"auto, (max-width: 367px) 100vw, 367px\" \/><\/a><\/figure>\n\n\n\n<figure class=\"wp-block-image size-full is-resized\"><a href=\"https:\/\/www.researchgate.net\/profile\/Neus-Bosch-Sierra\" target=\"_blank\" rel=\" noreferrer noopener\"><img loading=\"lazy\" decoding=\"async\" width=\"229\" height=\"235\" src=\"https:\/\/mitomets.com\/wp-content\/uploads\/2025\/02\/02-Researh-Gate-trans.png\" alt=\"\" class=\"wp-image-1151\" style=\"width:25px\"\/><\/a><\/figure>\n\n\n\n<figure class=\"wp-block-image size-full is-resized\"><a href=\"https:\/\/www.linkedin.com\/in\/neus-bosch-sierra-520308b8\/\" target=\"_blank\" rel=\" noreferrer noopener\"><img loading=\"lazy\" decoding=\"async\" width=\"590\" height=\"750\" src=\"https:\/\/mitomets.com\/wp-content\/uploads\/2025\/02\/03-Linkedin-trans-ss.png\" alt=\"\" class=\"wp-image-1214\" style=\"width:22px\" srcset=\"https:\/\/mitomets.com\/wp-content\/uploads\/2025\/02\/03-Linkedin-trans-ss.png 590w, https:\/\/mitomets.com\/wp-content\/uploads\/2025\/02\/03-Linkedin-trans-ss-236x300.png 236w\" sizes=\"auto, (max-width: 590px) 100vw, 590px\" \/><\/a><\/figure>\n<\/div>\n<\/div>\n<\/div>\n\n\n\n<div style=\"height:50px\" aria-hidden=\"true\" class=\"wp-block-spacer\"><\/div>\n\n\n\n<div class=\"wp-block-columns is-layout-flex wp-container-core-columns-is-layout-9d6595d7 wp-block-columns-is-layout-flex\">\n<div class=\"wp-block-column is-layout-flow wp-block-column-is-layout-flow\" style=\"flex-basis:250px\"><div class=\"wp-block-image\">\n<figure class=\"aligncenter size-full\"><img loading=\"lazy\" decoding=\"async\" width=\"300\" height=\"300\" src=\"https:\/\/mitomets.com\/wp-content\/uploads\/2025\/02\/C-05-Xusa-Sanz.jpg\" alt=\"\" class=\"wp-image-1201\" srcset=\"https:\/\/mitomets.com\/wp-content\/uploads\/2025\/02\/C-05-Xusa-Sanz.jpg 300w, https:\/\/mitomets.com\/wp-content\/uploads\/2025\/02\/C-05-Xusa-Sanz-150x150.jpg 150w\" sizes=\"auto, (max-width: 300px) 100vw, 300px\" \/><\/figure>\n<\/div><\/div>\n\n\n\n<div class=\"wp-block-column is-layout-flow wp-block-column-is-layout-flow\" style=\"flex-basis:750px\">\n<p><strong><strong>Xusa Sanz Llorens<\/strong><\/strong><\/p>\n\n\n\n<p>Investigador predoctoral en Medicina&nbsp; Universitat de Valencia.<\/p>\n\n\n\n<hr class=\"wp-block-separator has-alpha-channel-opacity\"\/>\n\n\n\n<div class=\"wp-block-group is-content-justification-center is-nowrap is-layout-flex wp-container-core-group-is-layout-94bc23d7 wp-block-group-is-layout-flex\">\n<figure class=\"wp-block-image size-full is-resized\"><a class=\"\" href=\"https:\/\/mail.google.com\/mail\/u\/0\/?fs=1&amp;tf=cm&amp;source=mailto&amp;to=majesanz@alumni.uv.es\" target=\"_blank\"><img loading=\"lazy\" decoding=\"async\" width=\"35\" height=\"25\" src=\"https:\/\/mitomets.com\/wp-content\/uploads\/2025\/02\/00-Correo-trans-ss.png\" alt=\"\" class=\"wp-image-1168\" style=\"width:35px\"\/><\/a><\/figure>\n\n\n\n<figure class=\"wp-block-image size-full is-resized\"><a href=\"https:\/\/orcid.org\/0009-0007-7951-5793\" target=\"_blank\" rel=\" noreferrer noopener\"><img loading=\"lazy\" decoding=\"async\" width=\"367\" height=\"152\" src=\"https:\/\/mitomets.com\/wp-content\/uploads\/2025\/02\/01-Orcid-trans-s.png\" alt=\"\" class=\"wp-image-1158\" style=\"width:50px\" srcset=\"https:\/\/mitomets.com\/wp-content\/uploads\/2025\/02\/01-Orcid-trans-s.png 367w, https:\/\/mitomets.com\/wp-content\/uploads\/2025\/02\/01-Orcid-trans-s-300x124.png 300w\" sizes=\"auto, (max-width: 367px) 100vw, 367px\" \/><\/a><\/figure>\n\n\n\n<figure class=\"wp-block-image size-full is-resized\"><a href=\"https:\/\/www.linkedin.com\/in\/xusasanz\/?originalSubdomain=es\" target=\"_blank\" rel=\" noreferrer noopener\"><img loading=\"lazy\" decoding=\"async\" width=\"590\" height=\"750\" src=\"https:\/\/mitomets.com\/wp-content\/uploads\/2025\/02\/03-Linkedin-trans-ss.png\" alt=\"\" class=\"wp-image-1214\" style=\"width:22px\" srcset=\"https:\/\/mitomets.com\/wp-content\/uploads\/2025\/02\/03-Linkedin-trans-ss.png 590w, https:\/\/mitomets.com\/wp-content\/uploads\/2025\/02\/03-Linkedin-trans-ss-236x300.png 236w\" sizes=\"auto, (max-width: 590px) 100vw, 590px\" \/><\/a><\/figure>\n<\/div>\n<\/div>\n<\/div>\n\n\n\n<p><\/p>\n","protected":false},"excerpt":{"rendered":"<p>Grupo NUTRIMET &#8211; Nutrici\u00f3n y metabolismo Dra. Celia Ba\u00f1uls Morant Investigadora senior del Servicio de Endocrinolog\u00eda y Nutrici\u00f3n del Hospital Universitario Doctor Peset\u2013 FISABIO, Valencia. Dra. Beatriz Navajas Porras Investigadora postdoctoral del Servicio de Endocrinolog\u00eda y Nutrici\u00f3n del Hospital Universitario Doctor Peset\u2013FISABIO, Valencia. Carmen Grau del Valle Investigadora predoctoral del Servicio de Endocrinolog\u00eda y Nutrici\u00f3n [&hellip;]<\/p>\n","protected":false},"author":1,"featured_media":0,"parent":0,"menu_order":0,"comment_status":"closed","ping_status":"closed","template":"","meta":{"_uag_custom_page_level_css":"","_citadela_hide_page_title":"1","_citadela_remove_header_space":"1","footnotes":""},"class_list":["post-1236","page","type-page","status-publish","hentry"],"uagb_featured_image_src":{"full":false,"thumbnail":false,"medium":false,"medium_large":false,"large":false,"1536x1536":false,"2048x2048":false,"citadela_item_thumbnail":false},"uagb_author_info":{"display_name":"admin","author_link":"https:\/\/mitomets.com\/index.php\/author\/admin\/"},"uagb_comment_info":0,"uagb_excerpt":"Grupo NUTRIMET &#8211; Nutrici\u00f3n y metabolismo Dra. Celia Ba\u00f1uls Morant Investigadora senior del Servicio de Endocrinolog\u00eda y Nutrici\u00f3n del Hospital Universitario Doctor Peset\u2013 FISABIO, Valencia. Dra. Beatriz Navajas Porras Investigadora postdoctoral del Servicio de Endocrinolog\u00eda y Nutrici\u00f3n del Hospital Universitario Doctor Peset\u2013FISABIO, Valencia. Carmen Grau del Valle Investigadora predoctoral del Servicio de Endocrinolog\u00eda y Nutrici\u00f3n&hellip;","_links":{"self":[{"href":"https:\/\/mitomets.com\/index.php\/wp-json\/wp\/v2\/pages\/1236","targetHints":{"allow":["GET"]}}],"collection":[{"href":"https:\/\/mitomets.com\/index.php\/wp-json\/wp\/v2\/pages"}],"about":[{"href":"https:\/\/mitomets.com\/index.php\/wp-json\/wp\/v2\/types\/page"}],"author":[{"embeddable":true,"href":"https:\/\/mitomets.com\/index.php\/wp-json\/wp\/v2\/users\/1"}],"replies":[{"embeddable":true,"href":"https:\/\/mitomets.com\/index.php\/wp-json\/wp\/v2\/comments?post=1236"}],"version-history":[{"count":32,"href":"https:\/\/mitomets.com\/index.php\/wp-json\/wp\/v2\/pages\/1236\/revisions"}],"predecessor-version":[{"id":2758,"href":"https:\/\/mitomets.com\/index.php\/wp-json\/wp\/v2\/pages\/1236\/revisions\/2758"}],"wp:attachment":[{"href":"https:\/\/mitomets.com\/index.php\/wp-json\/wp\/v2\/media?parent=1236"}],"curies":[{"name":"wp","href":"https:\/\/api.w.org\/{rel}","templated":true}]}}