{"id":1124,"date":"2025-02-28T12:54:30","date_gmt":"2025-02-28T12:54:30","guid":{"rendered":"https:\/\/mitomets.com\/?page_id=1124"},"modified":"2026-03-30T16:34:13","modified_gmt":"2026-03-30T16:34:13","slug":"diamet","status":"publish","type":"page","link":"https:\/\/mitomets.com\/index.php\/diamet\/","title":{"rendered":"DIAMET"},"content":{"rendered":"\n<div style=\"height:6px\" aria-hidden=\"true\" class=\"wp-block-spacer\"><\/div>\n\n\n\n<div class=\"wp-block-cover alignfull\"><div id=\"metaslider-id-2035\" style=\"width: 100%;\" class=\"ml-slider-3-109-0 metaslider metaslider-flex metaslider-2035 ml-slider ms-theme-default-base nav-hidden\" role=\"region\" aria-label=\"Nueva presentaci\u00f3n de diapositivas\" data-height=\"600\" data-width=\"2000\">\n    <div id=\"metaslider_container_2035\">\n        <div id=\"metaslider_2035\">\n            <ul class='slides'>\n                <li style=\"display: block; width: 100%;\" class=\"slide-2037 ms-image \" aria-roledescription=\"slide\" data-date=\"2025-03-07 17:17:31\" data-filename=\"DIAMET-2000x600-1.jpg\" data-slide-type=\"image\"><img loading=\"lazy\" decoding=\"async\" src=\"https:\/\/mitomets.com\/wp-content\/uploads\/2025\/03\/DIAMET-2000x600-1.jpg\" height=\"600\" width=\"2000\" alt=\"\" class=\"slider-2035 slide-2037 msDefaultImage\" title=\"DIAMET 2000x600\" \/><\/li>\n            <\/ul>\n        <\/div>\n        \n    <\/div>\n<\/div><div class=\"bg-image-wrapper\">\n\n<\/div><\/div><div class=\"inner-holder\"><\/div><\/div>\n\n\n\n<div style=\"height:100px\" aria-hidden=\"true\" class=\"wp-block-spacer\"><\/div>\n\n\n\n<h2 class=\"wp-block-heading has-text-color has-link-color wp-elements-eecdef5669c3540d5ee9f0cfe86cf917\" style=\"color:#4f7cac\">Grupo DIAMET &#8211; Funci\u00f3n Mitocondrial&nbsp; en la&nbsp; Diabetes y Enfermedades cardiometab\u00f3licas<\/h2>\n\n\n\n<div style=\"height:60px\" aria-hidden=\"true\" class=\"wp-block-spacer\"><\/div>\n\n\n\n<div class=\"wp-block-columns is-layout-flex wp-container-core-columns-is-layout-9d6595d7 wp-block-columns-is-layout-flex\">\n<div class=\"wp-block-column is-layout-flow wp-block-column-is-layout-flow\" style=\"flex-basis:250px\"><div class=\"wp-block-image\">\n<figure class=\"aligncenter size-full\"><img loading=\"lazy\" decoding=\"async\" width=\"300\" height=\"300\" src=\"https:\/\/mitomets.com\/wp-content\/uploads\/2025\/02\/A-01-Victor-Victor.jpg\" alt=\"Dr. V\u00edctor M. V\u00edctor Gonz\u00e1lez\" class=\"wp-image-1125\" srcset=\"https:\/\/mitomets.com\/wp-content\/uploads\/2025\/02\/A-01-Victor-Victor.jpg 300w, https:\/\/mitomets.com\/wp-content\/uploads\/2025\/02\/A-01-Victor-Victor-150x150.jpg 150w\" sizes=\"auto, (max-width: 300px) 100vw, 300px\" \/><\/figure>\n<\/div><\/div>\n\n\n\n<div class=\"wp-block-column is-layout-flow wp-block-column-is-layout-flow\" style=\"flex-basis:750px\">\n<p><strong>Dr. V\u00edctor M. V\u00edctor Gonz\u00e1lez<\/strong><\/p>\n\n\n\n<p>Investigador senior y jefe de grupo en la Unidad Mixta del Servicio de Endocrinolog\u00eda y Nutrici\u00f3n del Hospital Universitario Doctor Peset &#8211; FISABIO &#8211; Universitat de Val\u00e8ncia.<\/p>\n\n\n\n<hr class=\"wp-block-separator has-alpha-channel-opacity\"\/>\n\n\n\n<div class=\"wp-block-group is-content-justification-center is-nowrap is-layout-flex wp-container-core-group-is-layout-94bc23d7 wp-block-group-is-layout-flex\">\n<figure class=\"wp-block-image size-full is-resized\"><a class=\"\" href=\"https:\/\/mail.google.com\/mail\/u\/0\/?fs=1&amp;tf=cm&amp;source=mailto&amp;to=victor.victor@uv.es\" target=\"_blank\"><img loading=\"lazy\" decoding=\"async\" width=\"35\" height=\"25\" src=\"https:\/\/mitomets.com\/wp-content\/uploads\/2025\/02\/00-Correo-trans-ss.png\" alt=\"\" class=\"wp-image-1168\" style=\"width:35px\"\/><\/a><\/figure>\n\n\n\n<figure class=\"wp-block-image size-full is-resized\"><a href=\"https:\/\/orcid.org\/0000-0002-3027-3945\" target=\"_blank\" rel=\" noreferrer noopener\"><img loading=\"lazy\" decoding=\"async\" width=\"367\" height=\"152\" src=\"https:\/\/mitomets.com\/wp-content\/uploads\/2025\/02\/01-Orcid-trans-s.png\" alt=\"\" class=\"wp-image-1158\" style=\"width:50px\" srcset=\"https:\/\/mitomets.com\/wp-content\/uploads\/2025\/02\/01-Orcid-trans-s.png 367w, https:\/\/mitomets.com\/wp-content\/uploads\/2025\/02\/01-Orcid-trans-s-300x124.png 300w\" sizes=\"auto, (max-width: 367px) 100vw, 367px\" \/><\/a><\/figure>\n\n\n\n<figure class=\"wp-block-image size-full is-resized\"><a href=\"https:\/\/www.researchgate.net\/profile\/Victor-Victor-2\" target=\"_blank\" rel=\" noreferrer noopener\"><img loading=\"lazy\" decoding=\"async\" width=\"229\" height=\"235\" src=\"https:\/\/mitomets.com\/wp-content\/uploads\/2025\/02\/02-Researh-Gate-trans.png\" alt=\"\" class=\"wp-image-1151\" style=\"width:25px\"\/><\/a><\/figure>\n<\/div>\n<\/div>\n<\/div>\n\n\n\n<div style=\"height:50px\" aria-hidden=\"true\" class=\"wp-block-spacer\"><\/div>\n\n\n\n<div class=\"wp-block-columns is-layout-flex wp-container-core-columns-is-layout-9d6595d7 wp-block-columns-is-layout-flex\">\n<div class=\"wp-block-column is-layout-flow wp-block-column-is-layout-flow\" style=\"flex-basis:250px\"><div class=\"wp-block-image\">\n<figure class=\"aligncenter size-full\"><img loading=\"lazy\" decoding=\"async\" width=\"300\" height=\"300\" src=\"https:\/\/mitomets.com\/wp-content\/uploads\/2025\/02\/A-02-Susana-Rovira.jpg\" alt=\"\" class=\"wp-image-1185\" srcset=\"https:\/\/mitomets.com\/wp-content\/uploads\/2025\/02\/A-02-Susana-Rovira.jpg 300w, https:\/\/mitomets.com\/wp-content\/uploads\/2025\/02\/A-02-Susana-Rovira-150x150.jpg 150w\" sizes=\"auto, (max-width: 300px) 100vw, 300px\" \/><\/figure>\n<\/div><\/div>\n\n\n\n<div class=\"wp-block-column is-layout-flow wp-block-column-is-layout-flow\" style=\"flex-basis:750px\">\n<p><strong><strong>Dra. Susana Rovira Llopis<\/strong><\/strong><\/p>\n\n\n\n<p>Investigadora postdoctoral del Servicio de Endocrinolog\u00eda y Nutrici\u00f3n del Hospital Universitario Doctor Peset\u2013 FISABIO, Valencia.<\/p>\n\n\n\n<hr class=\"wp-block-separator has-alpha-channel-opacity\"\/>\n\n\n\n<div class=\"wp-block-group is-content-justification-center is-nowrap is-layout-flex wp-container-core-group-is-layout-94bc23d7 wp-block-group-is-layout-flex\">\n<figure class=\"wp-block-image size-full is-resized\"><a class=\"\" href=\"https:\/\/mail.google.com\/mail\/u\/0\/?fs=1&amp;tf=cm&amp;source=mailto&amp;to=susana.rovira@fisabio.es\" target=\"_blank\"><img loading=\"lazy\" decoding=\"async\" width=\"35\" height=\"25\" src=\"https:\/\/mitomets.com\/wp-content\/uploads\/2025\/02\/00-Correo-trans-ss.png\" alt=\"\" class=\"wp-image-1168\" style=\"width:35px\"\/><\/a><\/figure>\n\n\n\n<figure class=\"wp-block-image size-full is-resized\"><a href=\"https:\/\/orcid.org\/0000-0002-8476-5128\" target=\"_blank\" rel=\" noreferrer noopener\"><img loading=\"lazy\" decoding=\"async\" width=\"367\" height=\"152\" src=\"https:\/\/mitomets.com\/wp-content\/uploads\/2025\/02\/01-Orcid-trans-s.png\" alt=\"\" class=\"wp-image-1158\" style=\"width:50px\" srcset=\"https:\/\/mitomets.com\/wp-content\/uploads\/2025\/02\/01-Orcid-trans-s.png 367w, https:\/\/mitomets.com\/wp-content\/uploads\/2025\/02\/01-Orcid-trans-s-300x124.png 300w\" sizes=\"auto, (max-width: 367px) 100vw, 367px\" \/><\/a><\/figure>\n\n\n\n<figure class=\"wp-block-image size-full is-resized\"><a href=\"https:\/\/www.researchgate.net\/profile\/Susana-Rovira-Llopis\" target=\"_blank\" rel=\" noreferrer noopener\"><img loading=\"lazy\" decoding=\"async\" width=\"229\" height=\"235\" src=\"https:\/\/mitomets.com\/wp-content\/uploads\/2025\/02\/02-Researh-Gate-trans.png\" alt=\"\" class=\"wp-image-1151\" style=\"width:25px\"\/><\/a><\/figure>\n\n\n\n<figure class=\"wp-block-image size-full is-resized\"><a href=\"https:\/\/www.linkedin.com\/in\/susana-rovira-llopis-647546165\/\" target=\"_blank\" rel=\" noreferrer noopener\"><img loading=\"lazy\" decoding=\"async\" width=\"590\" height=\"750\" src=\"https:\/\/mitomets.com\/wp-content\/uploads\/2025\/02\/03-Linkedin-trans-ss.png\" alt=\"\" class=\"wp-image-1214\" style=\"width:22px\" srcset=\"https:\/\/mitomets.com\/wp-content\/uploads\/2025\/02\/03-Linkedin-trans-ss.png 590w, https:\/\/mitomets.com\/wp-content\/uploads\/2025\/02\/03-Linkedin-trans-ss-236x300.png 236w\" sizes=\"auto, (max-width: 590px) 100vw, 590px\" \/><\/a><\/figure>\n<\/div>\n<\/div>\n<\/div>\n\n\n\n<div style=\"height:50px\" aria-hidden=\"true\" class=\"wp-block-spacer\"><\/div>\n\n\n\n<div class=\"wp-block-columns is-layout-flex wp-container-core-columns-is-layout-9d6595d7 wp-block-columns-is-layout-flex\">\n<div class=\"wp-block-column is-layout-flow wp-block-column-is-layout-flow\" style=\"flex-basis:250px\"><div class=\"wp-block-image\">\n<figure class=\"aligncenter size-full\"><img loading=\"lazy\" decoding=\"async\" width=\"300\" height=\"300\" src=\"https:\/\/mitomets.com\/wp-content\/uploads\/2025\/02\/A-03-Clara-Luna.jpg\" alt=\"\" class=\"wp-image-1186\" srcset=\"https:\/\/mitomets.com\/wp-content\/uploads\/2025\/02\/A-03-Clara-Luna.jpg 300w, https:\/\/mitomets.com\/wp-content\/uploads\/2025\/02\/A-03-Clara-Luna-150x150.jpg 150w\" sizes=\"auto, (max-width: 300px) 100vw, 300px\" \/><\/figure>\n<\/div><\/div>\n\n\n\n<div class=\"wp-block-column is-layout-flow wp-block-column-is-layout-flow\" style=\"flex-basis:750px\">\n<p><strong><strong>Clara Luna Marco<\/strong><\/strong><\/p>\n\n\n\n<p>Investigador predoctoral en Fisiolog\u00eda Universitat de Val\u00e8ncia Instituto de Investigaci\u00f3n INCLIVA, Valencia.<\/p>\n\n\n\n<hr class=\"wp-block-separator has-alpha-channel-opacity\"\/>\n\n\n\n<div class=\"wp-block-group is-content-justification-center is-nowrap is-layout-flex wp-container-core-group-is-layout-94bc23d7 wp-block-group-is-layout-flex\">\n<figure class=\"wp-block-image size-full is-resized\"><a class=\"\" href=\"https:\/\/mail.google.com\/mail\/u\/0\/?fs=1&amp;tf=cm&amp;source=mailto&amp;to=cluna@incliva.es\" target=\"_blank\"><img loading=\"lazy\" decoding=\"async\" width=\"35\" height=\"25\" src=\"https:\/\/mitomets.com\/wp-content\/uploads\/2025\/02\/00-Correo-trans-ss.png\" alt=\"\" class=\"wp-image-1168\" style=\"width:35px\"\/><\/a><\/figure>\n\n\n\n<figure class=\"wp-block-image size-full is-resized\"><a href=\"https:\/\/orcid.org\/0000-0003-1704-7051\" target=\"_blank\" rel=\" noreferrer noopener\"><img loading=\"lazy\" decoding=\"async\" width=\"367\" height=\"152\" src=\"https:\/\/mitomets.com\/wp-content\/uploads\/2025\/02\/01-Orcid-trans-s.png\" alt=\"\" class=\"wp-image-1158\" style=\"width:50px\" srcset=\"https:\/\/mitomets.com\/wp-content\/uploads\/2025\/02\/01-Orcid-trans-s.png 367w, https:\/\/mitomets.com\/wp-content\/uploads\/2025\/02\/01-Orcid-trans-s-300x124.png 300w\" sizes=\"auto, (max-width: 367px) 100vw, 367px\" \/><\/a><\/figure>\n\n\n\n<figure class=\"wp-block-image size-full is-resized\"><a href=\"https:\/\/www.researchgate.net\/scientific-contributions\/Clara-Luna-Marco-2234294229\" target=\"_blank\" rel=\" noreferrer noopener\"><img loading=\"lazy\" decoding=\"async\" width=\"229\" height=\"235\" src=\"https:\/\/mitomets.com\/wp-content\/uploads\/2025\/02\/02-Researh-Gate-trans.png\" alt=\"\" class=\"wp-image-1151\" style=\"width:25px\"\/><\/a><\/figure>\n\n\n\n<figure class=\"wp-block-image size-full is-resized\"><a href=\"https:\/\/www.linkedin.com\/in\/clara-luna-marco\/\" target=\"_blank\" rel=\" noreferrer noopener\"><img loading=\"lazy\" decoding=\"async\" width=\"590\" height=\"750\" src=\"https:\/\/mitomets.com\/wp-content\/uploads\/2025\/02\/03-Linkedin-trans-ss.png\" alt=\"\" class=\"wp-image-1214\" style=\"width:22px\" srcset=\"https:\/\/mitomets.com\/wp-content\/uploads\/2025\/02\/03-Linkedin-trans-ss.png 590w, https:\/\/mitomets.com\/wp-content\/uploads\/2025\/02\/03-Linkedin-trans-ss-236x300.png 236w\" sizes=\"auto, (max-width: 590px) 100vw, 590px\" \/><\/a><\/figure>\n<\/div>\n<\/div>\n<\/div>\n\n\n\n<div style=\"height:50px\" aria-hidden=\"true\" class=\"wp-block-spacer\"><\/div>\n\n\n\n<div class=\"wp-block-columns is-layout-flex wp-container-core-columns-is-layout-9d6595d7 wp-block-columns-is-layout-flex\">\n<div class=\"wp-block-column is-layout-flow wp-block-column-is-layout-flow\" style=\"flex-basis:250px\"><div class=\"wp-block-image\">\n<figure class=\"aligncenter size-full\"><img loading=\"lazy\" decoding=\"async\" width=\"300\" height=\"300\" src=\"https:\/\/mitomets.com\/wp-content\/uploads\/2025\/02\/A-04-Alberto-Hermo.jpg\" alt=\"\" class=\"wp-image-1187\" srcset=\"https:\/\/mitomets.com\/wp-content\/uploads\/2025\/02\/A-04-Alberto-Hermo.jpg 300w, https:\/\/mitomets.com\/wp-content\/uploads\/2025\/02\/A-04-Alberto-Hermo-150x150.jpg 150w\" sizes=\"auto, (max-width: 300px) 100vw, 300px\" \/><\/figure>\n<\/div><\/div>\n\n\n\n<div class=\"wp-block-column is-layout-flow wp-block-column-is-layout-flow\" style=\"flex-basis:750px\">\n<p><strong><strong>Alberto Hermo Argibay<\/strong><\/strong><\/p>\n\n\n\n<p>Investigador predoctoral del Servicio de Endocrinolog\u00eda y Nutrici\u00f3n del Hospital Universitario Doctor Peset\u2013 FISABIO, Valencia.<\/p>\n\n\n\n<hr class=\"wp-block-separator has-alpha-channel-opacity\"\/>\n\n\n\n<div class=\"wp-block-group is-content-justification-center is-nowrap is-layout-flex wp-container-core-group-is-layout-94bc23d7 wp-block-group-is-layout-flex\">\n<figure class=\"wp-block-image size-full is-resized\"><a class=\"\" href=\"https:\/\/mail.google.com\/mail\/u\/0\/?fs=1&amp;tf=cm&amp;source=mailto&amp;to=alberto.hermo@fisabio.es\" target=\"_blank\"><img loading=\"lazy\" decoding=\"async\" width=\"35\" height=\"25\" src=\"https:\/\/mitomets.com\/wp-content\/uploads\/2025\/02\/00-Correo-trans-ss.png\" alt=\"\" class=\"wp-image-1168\" style=\"width:35px\"\/><\/a><\/figure>\n\n\n\n<figure class=\"wp-block-image size-full is-resized\"><a href=\"https:\/\/orcid.org\/0000-0001-5760-0363\" target=\"_blank\" rel=\" noreferrer noopener\"><img loading=\"lazy\" decoding=\"async\" width=\"367\" height=\"152\" src=\"https:\/\/mitomets.com\/wp-content\/uploads\/2025\/02\/01-Orcid-trans-s.png\" alt=\"\" class=\"wp-image-1158\" style=\"width:50px\" srcset=\"https:\/\/mitomets.com\/wp-content\/uploads\/2025\/02\/01-Orcid-trans-s.png 367w, https:\/\/mitomets.com\/wp-content\/uploads\/2025\/02\/01-Orcid-trans-s-300x124.png 300w\" sizes=\"auto, (max-width: 367px) 100vw, 367px\" \/><\/a><\/figure>\n\n\n\n<figure class=\"wp-block-image size-full is-resized\"><a href=\"https:\/\/www.researchgate.net\/profile\/Alberto-Hermo-Argibay\" target=\"_blank\" rel=\" noreferrer noopener\"><img loading=\"lazy\" decoding=\"async\" width=\"229\" height=\"235\" src=\"https:\/\/mitomets.com\/wp-content\/uploads\/2025\/02\/02-Researh-Gate-trans.png\" alt=\"\" class=\"wp-image-1151\" style=\"width:25px\"\/><\/a><\/figure>\n<\/div>\n<\/div>\n<\/div>\n\n\n\n<div style=\"height:50px\" aria-hidden=\"true\" class=\"wp-block-spacer\"><\/div>\n\n\n\n<div class=\"wp-block-columns is-layout-flex wp-container-core-columns-is-layout-9d6595d7 wp-block-columns-is-layout-flex\">\n<div class=\"wp-block-column is-layout-flow wp-block-column-is-layout-flow\" style=\"flex-basis:250px\"><div class=\"wp-block-image\">\n<figure class=\"aligncenter size-full\"><img loading=\"lazy\" decoding=\"async\" width=\"300\" height=\"300\" src=\"https:\/\/mitomets.com\/wp-content\/uploads\/2025\/02\/A-05-Julia-Cacace.jpg\" alt=\"\" class=\"wp-image-1188\" srcset=\"https:\/\/mitomets.com\/wp-content\/uploads\/2025\/02\/A-05-Julia-Cacace.jpg 300w, https:\/\/mitomets.com\/wp-content\/uploads\/2025\/02\/A-05-Julia-Cacace-150x150.jpg 150w\" sizes=\"auto, (max-width: 300px) 100vw, 300px\" \/><\/figure>\n<\/div><\/div>\n\n\n\n<div class=\"wp-block-column is-layout-flow wp-block-column-is-layout-flow\" style=\"flex-basis:750px\">\n<p><strong>Julia Cacace<\/strong><\/p>\n\n\n\n<p>Investigadora predoctoral del Servicio de Endocrinolog\u00eda y Nutrici\u00f3n del Hospital Universitario Doctor Peset\u2013 FISABIO, Valencia.<\/p>\n\n\n\n<hr class=\"wp-block-separator has-alpha-channel-opacity\"\/>\n\n\n\n<div class=\"wp-block-group is-content-justification-center is-nowrap is-layout-flex wp-container-core-group-is-layout-94bc23d7 wp-block-group-is-layout-flex\">\n<figure class=\"wp-block-image size-full is-resized\"><a class=\"\" href=\"https:\/\/mail.google.com\/mail\/u\/0\/?fs=1&amp;tf=cm&amp;source=mailto&amp;to=julia.cacaece@fisabio.es\" target=\"_blank\"><img loading=\"lazy\" decoding=\"async\" width=\"35\" height=\"25\" src=\"https:\/\/mitomets.com\/wp-content\/uploads\/2025\/02\/00-Correo-trans-ss.png\" alt=\"\" class=\"wp-image-1168\" style=\"width:35px\"\/><\/a><\/figure>\n\n\n\n<figure class=\"wp-block-image size-full is-resized\"><a href=\"https:\/\/orcid.org\/0009-0000-6948-200X\" target=\"_blank\" rel=\" noreferrer noopener\"><img loading=\"lazy\" decoding=\"async\" width=\"367\" height=\"152\" src=\"https:\/\/mitomets.com\/wp-content\/uploads\/2025\/02\/01-Orcid-trans-s.png\" alt=\"\" class=\"wp-image-1158\" style=\"width:50px;height:auto\" srcset=\"https:\/\/mitomets.com\/wp-content\/uploads\/2025\/02\/01-Orcid-trans-s.png 367w, https:\/\/mitomets.com\/wp-content\/uploads\/2025\/02\/01-Orcid-trans-s-300x124.png 300w\" sizes=\"auto, (max-width: 367px) 100vw, 367px\" \/><\/a><\/figure>\n\n\n\n<figure class=\"wp-block-image size-full is-resized\"><a href=\"https:\/\/www.researchgate.net\/profile\/Julia-Cacace\" target=\"_blank\" rel=\" noreferrer noopener\"><img loading=\"lazy\" decoding=\"async\" width=\"229\" height=\"235\" src=\"https:\/\/mitomets.com\/wp-content\/uploads\/2025\/02\/02-Researh-Gate-trans.png\" alt=\"\" class=\"wp-image-1151\" style=\"width:25px\"\/><\/a><\/figure>\n\n\n\n<figure class=\"wp-block-image size-full is-resized\"><a href=\"https:\/\/www.linkedin.com\/in\/julia-cacace-1b6207277\/\" target=\"_blank\" rel=\" noreferrer noopener\"><img loading=\"lazy\" decoding=\"async\" width=\"590\" height=\"750\" src=\"https:\/\/mitomets.com\/wp-content\/uploads\/2025\/02\/03-Linkedin-trans-ss.png\" alt=\"\" class=\"wp-image-1214\" style=\"width:22px\" srcset=\"https:\/\/mitomets.com\/wp-content\/uploads\/2025\/02\/03-Linkedin-trans-ss.png 590w, https:\/\/mitomets.com\/wp-content\/uploads\/2025\/02\/03-Linkedin-trans-ss-236x300.png 236w\" sizes=\"auto, (max-width: 590px) 100vw, 590px\" \/><\/a><\/figure>\n<\/div>\n<\/div>\n<\/div>\n\n\n\n<div style=\"height:50px\" aria-hidden=\"true\" class=\"wp-block-spacer\"><\/div>\n\n\n\n<div class=\"wp-block-columns is-layout-flex wp-container-core-columns-is-layout-9d6595d7 wp-block-columns-is-layout-flex\">\n<div class=\"wp-block-column is-layout-flow wp-block-column-is-layout-flow\" style=\"flex-basis:250px\"><div class=\"wp-block-image\">\n<figure class=\"aligncenter size-full\"><img loading=\"lazy\" decoding=\"async\" width=\"300\" height=\"300\" src=\"https:\/\/mitomets.com\/wp-content\/uploads\/2025\/02\/A-06-Omar-Hernandez.jpg\" alt=\"\" class=\"wp-image-1189\" srcset=\"https:\/\/mitomets.com\/wp-content\/uploads\/2025\/02\/A-06-Omar-Hernandez.jpg 300w, https:\/\/mitomets.com\/wp-content\/uploads\/2025\/02\/A-06-Omar-Hernandez-150x150.jpg 150w\" sizes=\"auto, (max-width: 300px) 100vw, 300px\" \/><\/figure>\n<\/div><\/div>\n\n\n\n<div class=\"wp-block-column is-layout-flow wp-block-column-is-layout-flow\" style=\"flex-basis:750px\">\n<p><strong><strong>Omar A. Hern\u00e1ndez L\u00f3pez<\/strong><\/strong><\/p>\n\n\n\n<p>Investigador predoctoral del Servicio de Endocrinolog\u00eda y Nutrici\u00f3n del Hospital Universitario Doctor Peset\u2013 FISABIO, Valencia.<\/p>\n\n\n\n<hr class=\"wp-block-separator has-alpha-channel-opacity\"\/>\n\n\n\n<div class=\"wp-block-group is-content-justification-center is-nowrap is-layout-flex wp-container-core-group-is-layout-94bc23d7 wp-block-group-is-layout-flex\">\n<figure class=\"wp-block-image size-full is-resized\"><a class=\"\" href=\"https:\/\/mail.google.com\/mail\/u\/0\/?fs=1&amp;tf=cm&amp;source=mailto&amp;to=omar.hernandez@fisabio.es\" target=\"_blank\"><img loading=\"lazy\" decoding=\"async\" width=\"35\" height=\"25\" src=\"https:\/\/mitomets.com\/wp-content\/uploads\/2025\/02\/00-Correo-trans-ss.png\" alt=\"\" class=\"wp-image-1168\" style=\"width:35px\"\/><\/a><\/figure>\n\n\n\n<figure class=\"wp-block-image size-full is-resized\"><a href=\"https:\/\/orcid.org\/0009-0000-0289-2485\" target=\"_blank\" rel=\" noreferrer noopener\"><img loading=\"lazy\" decoding=\"async\" width=\"367\" height=\"152\" src=\"https:\/\/mitomets.com\/wp-content\/uploads\/2025\/02\/01-Orcid-trans-s.png\" alt=\"\" class=\"wp-image-1158\" style=\"width:50px\" srcset=\"https:\/\/mitomets.com\/wp-content\/uploads\/2025\/02\/01-Orcid-trans-s.png 367w, https:\/\/mitomets.com\/wp-content\/uploads\/2025\/02\/01-Orcid-trans-s-300x124.png 300w\" sizes=\"auto, (max-width: 367px) 100vw, 367px\" \/><\/a><\/figure>\n\n\n\n<figure class=\"wp-block-image size-full is-resized\"><a href=\"https:\/\/www.researchgate.net\/profile\/Omar-Hernandez-Lopez?ev=hdr_xprf\" target=\"_blank\" rel=\" noreferrer noopener\"><img loading=\"lazy\" decoding=\"async\" width=\"229\" height=\"235\" src=\"https:\/\/mitomets.com\/wp-content\/uploads\/2025\/02\/02-Researh-Gate-trans.png\" alt=\"\" class=\"wp-image-1151\" style=\"width:25px\"\/><\/a><\/figure>\n\n\n\n<figure class=\"wp-block-image size-full is-resized\"><a href=\"https:\/\/www.linkedin.com\/in\/omar-hern%C3%A1ndez-l%C3%B3pez-18a5b0334\/\" target=\"_blank\" rel=\" noreferrer noopener\"><img loading=\"lazy\" decoding=\"async\" width=\"590\" height=\"750\" src=\"https:\/\/mitomets.com\/wp-content\/uploads\/2025\/02\/03-Linkedin-trans-ss.png\" alt=\"\" class=\"wp-image-1214\" style=\"width:22px\" srcset=\"https:\/\/mitomets.com\/wp-content\/uploads\/2025\/02\/03-Linkedin-trans-ss.png 590w, https:\/\/mitomets.com\/wp-content\/uploads\/2025\/02\/03-Linkedin-trans-ss-236x300.png 236w\" sizes=\"auto, (max-width: 590px) 100vw, 590px\" \/><\/a><\/figure>\n<\/div>\n<\/div>\n<\/div>\n","protected":false},"excerpt":{"rendered":"<p>Grupo DIAMET &#8211; Funci\u00f3n Mitocondrial&nbsp; en la&nbsp; Diabetes y Enfermedades cardiometab\u00f3licas Dr. V\u00edctor M. V\u00edctor Gonz\u00e1lez Investigador senior y jefe de grupo en la Unidad Mixta del Servicio de Endocrinolog\u00eda y Nutrici\u00f3n del Hospital Universitario Doctor Peset &#8211; FISABIO &#8211; Universitat de Val\u00e8ncia. Dra. Susana Rovira Llopis Investigadora postdoctoral del Servicio de Endocrinolog\u00eda y Nutrici\u00f3n [&hellip;]<\/p>\n","protected":false},"author":1,"featured_media":0,"parent":0,"menu_order":0,"comment_status":"closed","ping_status":"closed","template":"","meta":{"_uag_custom_page_level_css":"","_citadela_hide_page_title":"1","_citadela_remove_header_space":"1","footnotes":""},"class_list":["post-1124","page","type-page","status-publish","hentry"],"uagb_featured_image_src":{"full":false,"thumbnail":false,"medium":false,"medium_large":false,"large":false,"1536x1536":false,"2048x2048":false,"citadela_item_thumbnail":false},"uagb_author_info":{"display_name":"admin","author_link":"https:\/\/mitomets.com\/index.php\/author\/admin\/"},"uagb_comment_info":0,"uagb_excerpt":"Grupo DIAMET &#8211; Funci\u00f3n Mitocondrial&nbsp; en la&nbsp; Diabetes y Enfermedades cardiometab\u00f3licas Dr. V\u00edctor M. V\u00edctor Gonz\u00e1lez Investigador senior y jefe de grupo en la Unidad Mixta del Servicio de Endocrinolog\u00eda y Nutrici\u00f3n del Hospital Universitario Doctor Peset &#8211; FISABIO &#8211; Universitat de Val\u00e8ncia. Dra. Susana Rovira Llopis Investigadora postdoctoral del Servicio de Endocrinolog\u00eda y Nutrici\u00f3n&hellip;","_links":{"self":[{"href":"https:\/\/mitomets.com\/index.php\/wp-json\/wp\/v2\/pages\/1124","targetHints":{"allow":["GET"]}}],"collection":[{"href":"https:\/\/mitomets.com\/index.php\/wp-json\/wp\/v2\/pages"}],"about":[{"href":"https:\/\/mitomets.com\/index.php\/wp-json\/wp\/v2\/types\/page"}],"author":[{"embeddable":true,"href":"https:\/\/mitomets.com\/index.php\/wp-json\/wp\/v2\/users\/1"}],"replies":[{"embeddable":true,"href":"https:\/\/mitomets.com\/index.php\/wp-json\/wp\/v2\/comments?post=1124"}],"version-history":[{"count":78,"href":"https:\/\/mitomets.com\/index.php\/wp-json\/wp\/v2\/pages\/1124\/revisions"}],"predecessor-version":[{"id":3606,"href":"https:\/\/mitomets.com\/index.php\/wp-json\/wp\/v2\/pages\/1124\/revisions\/3606"}],"wp:attachment":[{"href":"https:\/\/mitomets.com\/index.php\/wp-json\/wp\/v2\/media?parent=1124"}],"curies":[{"name":"wp","href":"https:\/\/api.w.org\/{rel}","templated":true}]}}